{"id":11,"date":"2020-01-07T09:36:11","date_gmt":"2020-01-07T08:36:11","guid":{"rendered":"http:\/\/cim-atlantique.com\/?page_id=11"},"modified":"2026-03-20T14:58:17","modified_gmt":"2026-03-20T13:58:17","slug":"groupe-cim","status":"publish","type":"page","link":"https:\/\/www.cim-atlantique.com\/fr\/groupe-cim\/","title":{"rendered":"Le groupe CIM"},"content":{"rendered":"<p><div class=\"fusion-fullwidth fullwidth-box fusion-builder-row-1 fusion-flex-container nonhundred-percent-fullwidth non-hundred-percent-height-scrolling\" style=\"--awb-border-radius-top-left:0px;--awb-border-radius-top-right:0px;--awb-border-radius-bottom-right:0px;--awb-border-radius-bottom-left:0px;--awb-padding-top:100px;--awb-padding-right:100px;--awb-padding-left:100px;--awb-padding-right-small:0px;--awb-padding-left-small:0px;--awb-flex-wrap:wrap;\" ><div class=\"fusion-builder-row fusion-row fusion-flex-align-items-flex-start fusion-flex-content-wrap\" style=\"max-width:1185.6px;margin-left: calc(-4% \/ 2 );margin-right: calc(-4% \/ 2 );\"><div class=\"fusion-layout-column fusion_builder_column fusion-builder-column-0 fusion_builder_column_1_5 1_5 fusion-flex-column\" style=\"--awb-bg-size:cover;--awb-width-large:20%;--awb-margin-top-large:0px;--awb-spacing-right-large:9.6%;--awb-margin-bottom-large:0px;--awb-spacing-left-large:9.6%;--awb-width-medium:100%;--awb-order-medium:0;--awb-spacing-right-medium:1.92%;--awb-spacing-left-medium:1.92%;--awb-width-small:100%;--awb-order-small:0;--awb-spacing-right-small:1.92%;--awb-spacing-left-small:1.92%;\"><div class=\"fusion-column-wrapper fusion-column-has-shadow fusion-flex-justify-content-flex-start fusion-content-layout-column\"><i class=\"fb-icon-element-1 fb-icon-element fontawesome-icon icon-atlantique-2icon-groupe circle-yes\" style=\"--awb-iconcolor:var(--awb-color1);--awb-iconcolor-hover:var(--awb-color1);--awb-circlecolor:var(--awb-custom_color_1);--awb-circlecolor-hover:var(--awb-custom_color_1);--awb-circlebordersize:1px;--awb-font-size:109px;--awb-width:161px;--awb-height:161px;--awb-line-height:159px;--awb-align-self:center;--awb-margin-top:0px;--awb-margin-right:0px;--awb-margin-bottom:20px;--awb-margin-left:0px;\"><\/i><div class=\"fusion-title title fusion-title-1 fusion-sep-none fusion-title-center fusion-title-text fusion-title-size-four\" style=\"--awb-text-color:var(--awb-custom_color_1);--awb-margin-top:20px;--awb-margin-bottom:10px;--awb-margin-bottom-small:10px;\"><h4 class=\"fusion-title-heading title-heading-center fusion-responsive-typography-calculated\" style=\"margin:0;--fontSize:27.6;line-height:var(--awb-custom_typography_4-line-height);\">La force d&rsquo;un groupe<\/h4><\/div><div class=\"fusion-text fusion-text-1 fusion-text-no-margin\" style=\"--awb-margin-bottom:50px;\"><p style=\"text-align: center;\">avec plusieurs implantations<br \/>\ng\u00e9ographiques<\/p>\n<\/div><\/div><\/div><div class=\"fusion-layout-column fusion_builder_column fusion-builder-column-1 fusion_builder_column_1_5 1_5 fusion-flex-column\" style=\"--awb-bg-size:cover;--awb-width-large:20%;--awb-margin-top-large:0px;--awb-spacing-right-large:9.6%;--awb-margin-bottom-large:0px;--awb-spacing-left-large:9.6%;--awb-width-medium:100%;--awb-order-medium:0;--awb-spacing-right-medium:1.92%;--awb-spacing-left-medium:1.92%;--awb-width-small:100%;--awb-order-small:0;--awb-spacing-right-small:1.92%;--awb-margin-bottom-small:50px;--awb-spacing-left-small:1.92%;\"><div class=\"fusion-column-wrapper fusion-column-has-shadow fusion-flex-justify-content-flex-start fusion-content-layout-column\"><i class=\"fb-icon-element-2 fb-icon-element fontawesome-icon icon-atlantique-2icon-savoir-faire circle-yes\" style=\"--awb-iconcolor:var(--awb-color1);--awb-iconcolor-hover:var(--awb-color1);--awb-circlecolor:var(--awb-custom_color_1);--awb-circlecolor-hover:var(--awb-custom_color_1);--awb-circlebordersize:1px;--awb-font-size:109px;--awb-width:161px;--awb-height:161px;--awb-line-height:159px;--awb-align-self:center;--awb-margin-top:0px;--awb-margin-right:0px;--awb-margin-bottom:20px;--awb-margin-left:0px;\"><\/i><div class=\"fusion-title title fusion-title-2 fusion-sep-none fusion-title-center fusion-title-text fusion-title-size-four\" style=\"--awb-text-color:var(--awb-custom_color_1);--awb-margin-top:20px;--awb-margin-bottom:10px;--awb-margin-bottom-small:10px;\"><h4 class=\"fusion-title-heading title-heading-center fusion-responsive-typography-calculated\" style=\"margin:0;--fontSize:27.6;line-height:var(--awb-custom_typography_4-line-height);\">Savoir faire<\/h4><\/div><div class=\"fusion-text fusion-text-2\"><p style=\"text-align: center;\">exp\u00e9rience avec de nombreux secteurs d&rsquo;activit\u00e9s<\/p>\n<\/div><\/div><\/div><div class=\"fusion-layout-column fusion_builder_column fusion-builder-column-2 fusion_builder_column_1_5 1_5 fusion-flex-column\" style=\"--awb-bg-size:cover;--awb-width-large:20%;--awb-margin-top-large:0px;--awb-spacing-right-large:9.6%;--awb-margin-bottom-large:0px;--awb-spacing-left-large:9.6%;--awb-width-medium:100%;--awb-order-medium:0;--awb-spacing-right-medium:1.92%;--awb-spacing-left-medium:1.92%;--awb-width-small:100%;--awb-order-small:0;--awb-spacing-right-small:1.92%;--awb-margin-bottom-small:50px;--awb-spacing-left-small:1.92%;\"><div class=\"fusion-column-wrapper fusion-column-has-shadow fusion-flex-justify-content-flex-start fusion-content-layout-column\"><i class=\"fb-icon-element-3 fb-icon-element fontawesome-icon icon-atlantique-2icon-expertise circle-yes\" style=\"--awb-iconcolor:var(--awb-color1);--awb-iconcolor-hover:var(--awb-color1);--awb-circlecolor:var(--awb-custom_color_1);--awb-circlecolor-hover:var(--awb-custom_color_1);--awb-circlebordersize:1px;--awb-font-size:109px;--awb-width:161px;--awb-height:161px;--awb-line-height:159px;--awb-align-self:center;--awb-margin-top:0px;--awb-margin-right:0px;--awb-margin-bottom:20px;--awb-margin-left:0px;\"><\/i><div class=\"fusion-title title fusion-title-3 fusion-sep-none fusion-title-center fusion-title-text fusion-title-size-four\" style=\"--awb-text-color:var(--awb-custom_color_1);--awb-margin-top:20px;--awb-margin-bottom:10px;--awb-margin-bottom-small:10px;\"><h4 class=\"fusion-title-heading title-heading-center fusion-responsive-typography-calculated\" style=\"margin:0;--fontSize:27.6;line-height:var(--awb-custom_typography_4-line-height);\">Grande expertise<\/h4><\/div><div class=\"fusion-text fusion-text-3\"><p style=\"text-align: center;\">dans tous les m\u00e9tiers du secteur<\/p>\n<\/div><\/div><\/div><div class=\"fusion-layout-column fusion_builder_column fusion-builder-column-3 fusion_builder_column_1_5 1_5 fusion-flex-column\" style=\"--awb-bg-size:cover;--awb-width-large:20%;--awb-margin-top-large:0px;--awb-spacing-right-large:9.6%;--awb-margin-bottom-large:0px;--awb-spacing-left-large:9.6%;--awb-width-medium:100%;--awb-order-medium:0;--awb-spacing-right-medium:1.92%;--awb-spacing-left-medium:1.92%;--awb-width-small:100%;--awb-order-small:0;--awb-spacing-right-small:1.92%;--awb-margin-bottom-small:50px;--awb-spacing-left-small:1.92%;\"><div class=\"fusion-column-wrapper fusion-column-has-shadow fusion-flex-justify-content-flex-start fusion-content-layout-column\"><i class=\"fb-icon-element-4 fb-icon-element fontawesome-icon icon-atlantique-2icon-ergonomie circle-yes\" style=\"--awb-iconcolor:var(--awb-color1);--awb-iconcolor-hover:var(--awb-color1);--awb-circlecolor:var(--awb-custom_color_1);--awb-circlecolor-hover:var(--awb-custom_color_1);--awb-circlebordersize:1px;--awb-font-size:109px;--awb-width:161px;--awb-height:161px;--awb-line-height:159px;--awb-align-self:center;--awb-margin-top:0px;--awb-margin-right:0px;--awb-margin-bottom:20px;--awb-margin-left:0px;\"><\/i><div class=\"fusion-title title fusion-title-4 fusion-sep-none fusion-title-center fusion-title-text fusion-title-size-four\" style=\"--awb-text-color:var(--awb-custom_color_1);--awb-margin-top:20px;--awb-margin-bottom:10px;--awb-margin-bottom-small:10px;\"><h4 class=\"fusion-title-heading title-heading-center fusion-responsive-typography-calculated\" style=\"margin:0;--fontSize:27.6;line-height:var(--awb-custom_typography_4-line-height);\">Simplicit\u00e9 et ergonomie<\/h4><\/div><div class=\"fusion-text fusion-text-4\"><p style=\"text-align: center;\">avec l\u2019utilisation et la conduite de<br \/>\nnos \u00e9quipements<\/p>\n<\/div><\/div><\/div><div class=\"fusion-layout-column fusion_builder_column fusion-builder-column-4 fusion_builder_column_1_5 1_5 fusion-flex-column\" style=\"--awb-bg-size:cover;--awb-width-large:20%;--awb-margin-top-large:0px;--awb-spacing-right-large:9.6%;--awb-margin-bottom-large:0px;--awb-spacing-left-large:9.6%;--awb-width-medium:100%;--awb-order-medium:0;--awb-spacing-right-medium:1.92%;--awb-spacing-left-medium:1.92%;--awb-width-small:100%;--awb-order-small:0;--awb-spacing-right-small:1.92%;--awb-spacing-left-small:1.92%;\"><div class=\"fusion-column-wrapper fusion-column-has-shadow fusion-flex-justify-content-flex-start fusion-content-layout-column\"><i class=\"fb-icon-element-5 fb-icon-element fontawesome-icon icon-atlantique-2icon-usine-4 circle-yes\" style=\"--awb-iconcolor:var(--awb-color1);--awb-iconcolor-hover:var(--awb-color1);--awb-circlecolor:var(--awb-custom_color_1);--awb-circlecolor-hover:var(--awb-custom_color_1);--awb-circlebordersize:1px;--awb-font-size:109px;--awb-width:161px;--awb-height:161px;--awb-line-height:159px;--awb-align-self:center;--awb-margin-top:0px;--awb-margin-right:0px;--awb-margin-bottom:20px;--awb-margin-left:0px;\"><\/i><div class=\"fusion-title title fusion-title-5 fusion-sep-none fusion-title-center fusion-title-text fusion-title-size-four\" style=\"--awb-text-color:var(--awb-custom_color_1);--awb-margin-top:20px;--awb-margin-bottom:10px;--awb-margin-bottom-small:10px;\"><h4 class=\"fusion-title-heading title-heading-center fusion-responsive-typography-calculated\" style=\"margin:0;--fontSize:27.6;line-height:var(--awb-custom_typography_4-line-height);\">Usine 4.0<\/h4><\/div><div class=\"fusion-text fusion-text-5\"><p style=\"text-align: center;\">Conception de machines<br \/>\ncertifi\u00e9es <strong>USINE 4.0<\/strong><\/p>\n<\/div><\/div><\/div><\/div><\/div><div class=\"fusion-fullwidth fullwidth-box fusion-builder-row-2 fusion-flex-container nonhundred-percent-fullwidth non-hundred-percent-height-scrolling\" style=\"--awb-border-radius-top-left:0px;--awb-border-radius-top-right:0px;--awb-border-radius-bottom-right:0px;--awb-border-radius-bottom-left:0px;--awb-padding-top:0px;--awb-padding-bottom:50px;--awb-flex-wrap:wrap;\" ><div class=\"fusion-builder-row fusion-row fusion-flex-align-items-flex-start fusion-flex-content-wrap\" style=\"max-width:1185.6px;margin-left: calc(-4% \/ 2 );margin-right: calc(-4% \/ 2 );\"><div class=\"fusion-layout-column fusion_builder_column fusion-builder-column-5 fusion_builder_column_1_2 1_2 fusion-flex-column fusion-flex-align-self-center\" style=\"--awb-bg-size:cover;--awb-width-large:50%;--awb-margin-top-large:0px;--awb-spacing-right-large:3.84%;--awb-margin-bottom-large:20px;--awb-spacing-left-large:3.84%;--awb-width-medium:100%;--awb-order-medium:0;--awb-spacing-right-medium:1.92%;--awb-spacing-left-medium:1.92%;--awb-width-small:100%;--awb-order-small:0;--awb-spacing-right-small:1.92%;--awb-spacing-left-small:1.92%;\"><div class=\"fusion-column-wrapper fusion-column-has-shadow fusion-flex-justify-content-flex-start fusion-content-layout-column\"><div class=\"fusion-text fusion-text-6\"><p>Avec l\u2019exp\u00e9rience, <b>CIM<\/b> a acquis une maitrise totale de l\u2019ensemble de la chaine de fabrication, en passant de la conception m\u00e9canique de vos moyens jusqu\u2019\u00e0 la mise en place sur site.<\/p>\n<p><b>CIM<\/b> est avant tout une <b>\u00e9quipe pluridisciplinaire<\/b>, exp\u00e9riment\u00e9e mais surtout passionn\u00e9e. Notre \u00e9quipe est compos\u00e9e d\u2019automaticiens roboticiens, d\u2019ing\u00e9nieurs en conception m\u00e9canique, d\u2019ing\u00e9nieurs vision, de dessinateurs \u00e9lectriques et \u00e9galement de metteurs\/monteurs au point m\u00e9canique.<\/p>\n<p>Notre force est de vous proposer un <b>accompagnement personnalis\u00e9 dans la dur\u00e9e<\/b>, et nous vous aidons ainsi \u00e0 d\u00e9finir vos besoins avec pr\u00e9cision avant m\u00eame de r\u00e9aliser vos machines.<\/p>\n<h3 class=\"fusion-responsive-typography-calculated\" style=\"--fontsize: 25; line-height: 1.2;\" data-fontsize=\"25\" data-lineheight=\"30px\">D\u00e9couvrez nos savoir-faire :<\/h3>\n<ul>\n<li><a title=\"Robotique industrielle\" href=\"https:\/\/www.cim-atlantique.com\/integration-de-robots-industriels\/\">Robotique industrielle<\/a><\/li>\n<li><a title=\"Vision industrielle\" href=\"https:\/\/www.cim-atlantique.com\/vision-industrielle-2\/\">Vision industrielle<\/a><\/li>\n<li><a title=\"Machines sp\u00e9ciales\" href=\"https:\/\/www.cim-atlantique.com\/conception-de-machines-speciales\/\">Machines sp\u00e9ciales<\/a><\/li>\n<li><a title=\"Automatisation\" href=\"https:\/\/www.cim-atlantique.com\/usine-4-et-automatisation\/\">Automatisation industrielle<\/a><\/li>\n<\/ul>\n<p>Pour mieux vous accompagner, notre groupe est pr\u00e9sent en Seine Maritime, en r\u00e9gion Nantaise et \u00e0 Evreux : <a href=\"https:\/\/www.cim-normandie.com\/CIM-Atlantique-100.html\" target=\"_blank\" rel=\"noopener\">CIM ATLANTIQUE<\/a>.<\/p>\n<\/div><\/div><\/div><div class=\"fusion-layout-column fusion_builder_column fusion-builder-column-6 fusion_builder_column_1_2 1_2 fusion-flex-column\" style=\"--awb-bg-size:cover;--awb-width-large:50%;--awb-margin-top-large:0px;--awb-spacing-right-large:3.84%;--awb-margin-bottom-large:20px;--awb-spacing-left-large:3.84%;--awb-width-medium:100%;--awb-order-medium:0;--awb-spacing-right-medium:1.92%;--awb-spacing-left-medium:1.92%;--awb-width-small:100%;--awb-order-small:0;--awb-spacing-right-small:1.92%;--awb-spacing-left-small:1.92%;\"><div class=\"fusion-column-wrapper fusion-column-has-shadow fusion-flex-justify-content-flex-start fusion-content-layout-column\"><div class=\"fusion-image-element \" style=\"--awb-margin-top:10px;--awb-caption-title-font-family:var(--h2_typography-font-family);--awb-caption-title-font-weight:var(--h2_typography-font-weight);--awb-caption-title-font-style:var(--h2_typography-font-style);--awb-caption-title-size:var(--h2_typography-font-size);--awb-caption-title-transform:var(--h2_typography-text-transform);--awb-caption-title-line-height:var(--h2_typography-line-height);--awb-caption-title-letter-spacing:var(--h2_typography-letter-spacing);\"><span class=\" fusion-imageframe imageframe-none imageframe-1 hover-type-none\"><img decoding=\"async\" width=\"1024\" height=\"979\" title=\"Carte-France-CIM-Atlantique\" src=\"https:\/\/www.cim-atlantique.com\/wp-content\/uploads\/2025\/03\/Carte-France-CIM-Atlantique.png\" data-orig-src=\"https:\/\/www.cim-atlantique.com\/wp-content\/uploads\/2025\/03\/Carte-France-CIM-Atlantique-1024x979.png\" class=\"lazyload img-responsive wp-image-5687\" srcset=\"data:image\/svg+xml,%3Csvg%20xmlns%3D%27http%3A%2F%2Fwww.w3.org%2F2000%2Fsvg%27%20width%3D%271510%27%20height%3D%271444%27%20viewBox%3D%270%200%201510%201444%27%3E%3Crect%20width%3D%271510%27%20height%3D%271444%27%20fill-opacity%3D%220%22%2F%3E%3C%2Fsvg%3E\" data-srcset=\"https:\/\/www.cim-atlantique.com\/wp-content\/uploads\/2025\/03\/Carte-France-CIM-Atlantique-200x191.png 200w, https:\/\/www.cim-atlantique.com\/wp-content\/uploads\/2025\/03\/Carte-France-CIM-Atlantique-400x383.png 400w, https:\/\/www.cim-atlantique.com\/wp-content\/uploads\/2025\/03\/Carte-France-CIM-Atlantique-600x574.png 600w, https:\/\/www.cim-atlantique.com\/wp-content\/uploads\/2025\/03\/Carte-France-CIM-Atlantique-800x765.png 800w, https:\/\/www.cim-atlantique.com\/wp-content\/uploads\/2025\/03\/Carte-France-CIM-Atlantique-1200x1148.png 1200w, https:\/\/www.cim-atlantique.com\/wp-content\/uploads\/2025\/03\/Carte-France-CIM-Atlantique.png 1510w\" data-sizes=\"auto\" data-orig-sizes=\"(max-width: 1150px) 100vw, (max-width: 640px) 100vw, 600px\" alt=\"\"><\/span><\/div><\/div><\/div><\/div><\/div><div class=\"fusion-fullwidth fullwidth-box fusion-builder-row-3 fusion-flex-container faded-background fusion-parallax-none nonhundred-percent-fullwidth non-hundred-percent-height-scrolling lazyload\" style=\"--awb-border-radius-top-left:0px;--awb-border-radius-top-right:0px;--awb-border-radius-bottom-right:0px;--awb-border-radius-bottom-left:0px;--awb-padding-top:66px;--awb-padding-bottom:46px;--awb-margin-top:32px;--awb-background-size:cover;--awb-flex-wrap:wrap;\" data-bg=\"https:\/\/www.cim-atlantique.com\/wp-content\/uploads\/2024\/10\/Contactez-nous.svg\" ><div class=\"fullwidth-faded lazyload\" style=\"--awb-background-color:var(--awb-custom_color_1);--awb-background-size:cover;\" data-bg=\"https:\/\/www.cim-atlantique.com\/wp-content\/uploads\/2024\/10\/Contactez-nous.svg\" ><\/div><div class=\"fusion-builder-row fusion-row fusion-flex-align-items-stretch fusion-flex-content-wrap\" style=\"max-width:1185.6px;margin-left: calc(-4% \/ 2 );margin-right: calc(-4% \/ 2 );\"><div class=\"fusion-layout-column fusion_builder_column fusion-builder-column-7 fusion_builder_column_1_1 1_1 fusion-flex-column\" style=\"--awb-padding-right:60px;--awb-padding-right-small:0px;--awb-bg-size:cover;--awb-transition:filter 75ms ease, transform 75ms ease, background-color 75ms ease, border-color 75ms ease;--awb-width-large:100%;--awb-margin-top-large:0px;--awb-spacing-right-large:1.92%;--awb-margin-bottom-large:0px;--awb-spacing-left-large:1.92%;--awb-width-medium:100%;--awb-spacing-right-medium:1.92%;--awb-spacing-left-medium:1.92%;--awb-width-small:100%;--awb-spacing-right-small:1.92%;--awb-spacing-left-small:1.92%;\"><div class=\"fusion-column-wrapper fusion-column-has-shadow fusion-flex-justify-content-center fusion-content-layout-column\"><div class=\"fusion-title title fusion-title-6 fusion-sep-none fusion-title-center fusion-title-text fusion-title-size-three\" style=\"--awb-text-color:var(--awb-color1);\"><h3 class=\"fusion-title-heading title-heading-center fusion-responsive-typography-calculated\" style=\"margin:0;--fontSize:33.1;line-height:var(--awb-custom_typography_3-line-height);\">Int\u00e9grer la vision avec CIM Atlantique, votre expert<\/h3><\/div><div class=\"fusion-text fusion-text-7\" style=\"--awb-content-alignment:center;--awb-text-color:#ffffff;\"><p style=\"text-align: justify;\">En tant que fabricant de solutions industrielles, nous mettons l\u2019accent sur la personnalisation et l\u2019innovation. Nos syst\u00e8mes automatis\u00e9s industriels sont con\u00e7us pour s\u2019int\u00e9grer parfaitement \u00e0 vos infrastructures et r\u00e9pondre aux sp\u00e9cificit\u00e9s de votre secteur, qu\u2019il s\u2019agisse de machines sp\u00e9ciales pour l\u2019emballage, de solutions pour l\u2019agro-industrie, ou encore de machines sp\u00e9ciales d\u2019usinage.<\/p>\n<p>CIM Atlantique vous accompagne dans vos d\u00e9marches de robotisations, visions, machines sp\u00e9ciales et cobotiques. Besoin de conseils, d\u2019informations sur le montage et la maintenance <span style=\"color: var(--awb-text-color); font-family: var(--awb-text-font-family); font-size: var(--awb-font-size); font-style: var(--awb-text-font-style); font-weight: var(--awb-text-font-weight); letter-spacing: var(--awb-letter-spacing); text-align: var(--awb-content-alignment); text-transform: var(--awb-text-transform); background-color: var(--awb-bg-color-hover);\">de vos installations robotis\u00e9es\u2026<\/span><\/p>\n<\/div><div class=\"fusion-separator fusion-full-width-sep\" style=\"align-self: center;margin-left: auto;margin-right: auto;margin-top:20px;width:100%;\"><\/div><div class=\"fusion-separator fusion-full-width-sep\" style=\"align-self: center;margin-left: auto;margin-right: auto;width:100%;\"><\/div><div class=\"fusion-separator fusion-full-width-sep\" style=\"align-self: center;margin-left: auto;margin-right: auto;width:100%;\"><\/div><div class=\"fusion-separator fusion-full-width-sep\" style=\"align-self: center;margin-left: auto;margin-right: auto;width:100%;\"><\/div><div style=\"text-align:center;\"><a class=\"fusion-button button-flat fusion-button-default-size button-custom fusion-button-default button-1 fusion-button-default-span fusion-button-default-type\" style=\"--button_accent_color:var(--awb-color4);--button_border_color:var(--awb-custom_color_1);--button_accent_hover_color:var(--awb-color4);--button_border_hover_color:var(--awb-color4);--button_gradient_top_color:var(--awb-color1);--button_gradient_bottom_color:var(--awb-color1);--button_gradient_top_color_hover:hsla(calc( var(--awb-color4-h) + 8 ),var(--awb-color4-s),var(--awb-color4-l),var(--awb-color4-a));--button_gradient_bottom_color_hover:hsla(calc( var(--awb-color4-h) + 8 ),var(--awb-color4-s),var(--awb-color4-l),var(--awb-color4-a));\" target=\"_self\" href=\"https:\/\/www.cim-atlantique.com\/devis\/\"><span class=\"fusion-button-text awb-button__text awb-button__text--default\">Demander une \u00e9tude de faisabilit\u00e9<\/span><\/a><\/div><div class=\"fusion-separator fusion-full-width-sep\" style=\"align-self: center;margin-left: auto;margin-right: auto;width:100%;\"><\/div><\/div><\/div><\/div><\/div>\n<div class=\"fusion-fullwidth fullwidth-box fusion-builder-row-4 fusion-flex-container nonhundred-percent-fullwidth non-hundred-percent-height-scrolling\" style=\"--awb-border-radius-top-left:0px;--awb-border-radius-top-right:0px;--awb-border-radius-bottom-right:0px;--awb-border-radius-bottom-left:0px;--awb-padding-top:100px;--awb-padding-bottom:75px;--awb-flex-wrap:wrap;\" ><div class=\"fusion-builder-row fusion-row fusion-flex-align-items-flex-start fusion-flex-content-wrap\" style=\"max-width:1185.6px;margin-left: calc(-4% \/ 2 );margin-right: calc(-4% \/ 2 );\"><div class=\"fusion-layout-column fusion_builder_column fusion-builder-column-8 fusion_builder_column_1_1 1_1 fusion-flex-column\" style=\"--awb-bg-size:cover;--awb-width-large:100%;--awb-margin-top-large:0px;--awb-spacing-right-large:1.92%;--awb-margin-bottom-large:20px;--awb-spacing-left-large:1.92%;--awb-width-medium:100%;--awb-order-medium:0;--awb-spacing-right-medium:1.92%;--awb-spacing-left-medium:1.92%;--awb-width-small:100%;--awb-order-small:0;--awb-spacing-right-small:1.92%;--awb-spacing-left-small:1.92%;\"><div class=\"fusion-column-wrapper fusion-column-has-shadow fusion-flex-justify-content-flex-start fusion-content-layout-column\"><div class=\"fusion-title title fusion-title-7 fusion-sep-none fusion-title-text fusion-title-size-three\"><h3 class=\"fusion-title-heading title-heading-left fusion-responsive-typography-calculated\" style=\"margin:0;--fontSize:33.1;line-height:var(--awb-custom_typography_3-line-height);\">Histoire<\/h3><\/div><div class=\"fusion-text fusion-text-8\" style=\"--awb-content-alignment:left;\"><p><b>\u2013 1992<\/b> : <b>CIM<\/b> est cr\u00e9\u00e9 par <b>Alain GUEUDR\u00c9<\/b>, alors professeur dans l\u2019enseignement technique, avec l\u2019aide de <b>Ren\u00e9 GIFFARD<\/b> qui se charge de la g\u00e9rance de l\u2019entreprise, \u00e0 Auppegard. A ses d\u00e9buts, CIM se concentre sur deux activit\u00e9s : l\u2019usinage et le bureau d\u2019\u00e9tudes.<\/p>\n<p><b>\u2013 1997<\/b> : R\u00e9alisation de la premi\u00e8re machine d\u2019assemblage sur plateau index\u00e9.<\/p>\n<p><b>\u2013 2000<\/b> : <b>CIM<\/b> s\u2019est fortement d\u00e9velopp\u00e9 dans le secteur <b>automobile<\/b> jusqu\u2019\u00e0 la fin des ann\u00e9es 1990. Fort de cette exp\u00e9rience, l\u2019entreprise s\u2019ouvre aux secteurs de la <b>cosm\u00e9tique<\/b> et la <b>parfumerie<\/b>.<\/p>\n<p><b>\u2013 2007 <\/b>: Premi\u00e8re int\u00e9gration r\u00e9ussie d\u2019un robot 6 axes, et de la <b>1\u00e8re cam\u00e9ra contr\u00f4le orientation produit<\/b>.<\/p>\n<p><b>\u2013 2010<\/b> : L\u2019entreprise se r\u00e9organise en deux p\u00f4les distincts : un p\u00f4le usinage et un <a title=\"robotique industrielle\" href=\"https:\/\/www.cim-atlantique.com\/integration-de-robots-industriels\/\">p\u00f4le robotique<\/a> regroup\u00e9 sous <b>CIM DEVELOPPEMENT<\/b>.<\/p>\n<p><b>\u2013 2011<\/b> : Cr\u00e9ation du <b>1er <a title=\"vision industrielle\" href=\"https:\/\/www.cim-atlantique.com\/vision-industrielle-2\/\">robot en tracking vision<\/a>.<\/b><\/p>\n<p><b>\u2013 2013<\/b> : L\u2019utilisation de la vision dans le secteur cosm\u00e9tique permet la cr\u00e9ation d\u2019un <b>1er <a title=\"conception depacker robotis\u00e9\" href=\"https:\/\/www.cim-atlantique.com\/depackers-robotises\/\">depacker robotis\u00e9 <\/a><\/b>de flacons de parfums.<\/p>\n<p><b>\u2013 2014<\/b> : Cr\u00e9ation de <b>CIM Eure<\/b>.<\/p>\n<p><b>\u2013 2016<\/b> : Cr\u00e9ation de <b>CIM Atlantique<\/b>.<\/p>\n<p><b>\u2013 2017<\/b> : Utilisation du <b>deep learning <a title=\"Solution en vision industrielle\" href=\"https:\/\/www.cim-atlantique.com\/deep-capture\/\">DEEP CAPTURE<\/a>\u00a0<\/b> pour int\u00e9gration de la 1\u00e8re solution d\u2019inspection optique qui utilise ce proc\u00e9d\u00e9.<\/p>\n<p><b>\u2013 2019<\/b> : Accord de distribution sign\u00e9 pour ouvrir <b>CIM<\/b> \u00e0 la distribution des solutions de <a title=\"robotique industrielle mobile MIR\" href=\"https:\/\/www.cim-atlantique.com\/robots-mobiles\/\">robots mobiles <b>MIR<\/b><\/a>.<\/p>\n<\/div><\/div><\/div><\/div><\/div><\/p>\n","protected":false},"excerpt":{"rendered":"","protected":false},"author":1,"featured_media":987,"parent":0,"menu_order":0,"comment_status":"closed","ping_status":"closed","template":"100-width.php","meta":{"inline_featured_image":false,"footnotes":""},"class_list":["post-11","page","type-page","status-publish","has-post-thumbnail","hentry"],"_links":{"self":[{"href":"https:\/\/www.cim-atlantique.com\/fr\/wp-json\/wp\/v2\/pages\/11","targetHints":{"allow":["GET"]}}],"collection":[{"href":"https:\/\/www.cim-atlantique.com\/fr\/wp-json\/wp\/v2\/pages"}],"about":[{"href":"https:\/\/www.cim-atlantique.com\/fr\/wp-json\/wp\/v2\/types\/page"}],"author":[{"embeddable":true,"href":"https:\/\/www.cim-atlantique.com\/fr\/wp-json\/wp\/v2\/users\/1"}],"replies":[{"embeddable":true,"href":"https:\/\/www.cim-atlantique.com\/fr\/wp-json\/wp\/v2\/comments?post=11"}],"version-history":[{"count":39,"href":"https:\/\/www.cim-atlantique.com\/fr\/wp-json\/wp\/v2\/pages\/11\/revisions"}],"predecessor-version":[{"id":6470,"href":"https:\/\/www.cim-atlantique.com\/fr\/wp-json\/wp\/v2\/pages\/11\/revisions\/6470"}],"wp:featuredmedia":[{"embeddable":true,"href":"https:\/\/www.cim-atlantique.com\/fr\/wp-json\/wp\/v2\/media\/987"}],"wp:attachment":[{"href":"https:\/\/www.cim-atlantique.com\/fr\/wp-json\/wp\/v2\/media?parent=11"}],"curies":[{"name":"wp","href":"https:\/\/api.w.org\/{rel}","templated":true}]}}