{"id":1793,"date":"2022-06-19T18:34:58","date_gmt":"2022-06-19T16:34:58","guid":{"rendered":"http:\/\/cim-atlantique.com\/?page_id=1793"},"modified":"2026-04-15T14:03:49","modified_gmt":"2026-04-15T12:03:49","slug":"cobotique","status":"publish","type":"page","link":"https:\/\/www.cim-atlantique.com\/fr\/cobotique\/","title":{"rendered":"Cobotique"},"content":{"rendered":"<p><div class=\"fusion-fullwidth fullwidth-box fusion-builder-row-1 fusion-flex-container nonhundred-percent-fullwidth non-hundred-percent-height-scrolling\" style=\"--awb-border-radius-top-left:0px;--awb-border-radius-top-right:0px;--awb-border-radius-bottom-right:0px;--awb-border-radius-bottom-left:0px;--awb-flex-wrap:wrap;\" ><div class=\"fusion-builder-row fusion-row fusion-flex-align-items-flex-start fusion-flex-content-wrap\" style=\"max-width:1185.6px;margin-left: calc(-4% \/ 2 );margin-right: calc(-4% \/ 2 );\"><div class=\"fusion-layout-column fusion_builder_column fusion-builder-column-0 fusion_builder_column_1_1 1_1 fusion-flex-column\" style=\"--awb-bg-blend:overlay;--awb-bg-size:cover;--awb-width-large:100%;--awb-margin-top-large:0px;--awb-spacing-right-large:1.92%;--awb-margin-bottom-large:0px;--awb-spacing-left-large:1.92%;--awb-width-medium:100%;--awb-spacing-right-medium:1.92%;--awb-spacing-left-medium:1.92%;--awb-width-small:100%;--awb-spacing-right-small:1.92%;--awb-spacing-left-small:1.92%;\"><div class=\"fusion-column-wrapper fusion-flex-justify-content-flex-start fusion-content-layout-column\"><div class=\"fusion-text fusion-text-1\"><p>Le mot cobotique est une fusion entre les mots coop\u00e9ration, robotique et le concept de collaborative robotics (ou robotic). Cette approche technique vise \u00e0 affiner l\u2019action des robots traditionnels afin d\u2019obtenir une meilleure collaboration homme-machine. Toutefois, de nombreuses personnes s\u2019interrogent sur les diff\u00e9rents aspects de cette technologie. Qu\u2019est-ce que la cobotique industrielle et quels sont les enjeux li\u00e9s \u00e0 son utilisation ? En tant qu&rsquo;<a href=\"https:\/\/www.cim-atlantique.com\/fr\/\"><b>entreprise de robotique industrielle<\/b><\/a>, nous d\u00e9cryptons pour vous cette avanc\u00e9e significative pour l&rsquo;industrie.<\/p>\n<\/div><\/div><\/div><\/div><\/div><div class=\"fusion-fullwidth fullwidth-box fusion-builder-row-2 fusion-flex-container nonhundred-percent-fullwidth non-hundred-percent-height-scrolling\" style=\"--awb-border-radius-top-left:0px;--awb-border-radius-top-right:0px;--awb-border-radius-bottom-right:0px;--awb-border-radius-bottom-left:0px;--awb-margin-top:50px;--awb-margin-bottom:50px;--awb-flex-wrap:wrap;\" ><div class=\"fusion-builder-row fusion-row fusion-flex-align-items-flex-start fusion-flex-content-wrap\" style=\"max-width:1185.6px;margin-left: calc(-4% \/ 2 );margin-right: calc(-4% \/ 2 );\"><div class=\"fusion-layout-column fusion_builder_column fusion-builder-column-1 fusion_builder_column_1_2 1_2 fusion-flex-column\" style=\"--awb-bg-size:cover;--awb-width-large:50%;--awb-margin-top-large:0px;--awb-spacing-right-large:3.84%;--awb-margin-bottom-large:0px;--awb-spacing-left-large:3.84%;--awb-width-medium:100%;--awb-order-medium:0;--awb-spacing-right-medium:1.92%;--awb-spacing-left-medium:1.92%;--awb-width-small:100%;--awb-order-small:0;--awb-spacing-right-small:1.92%;--awb-spacing-left-small:1.92%;\"><div class=\"fusion-column-wrapper fusion-column-has-shadow fusion-flex-justify-content-flex-start fusion-content-layout-column\"><div class=\"fusion-title title fusion-title-1 fusion-sep-none fusion-title-text fusion-title-size-two\"><h2 class=\"fusion-title-heading title-heading-left fusion-responsive-typography-calculated\" style=\"margin:0;--fontSize:39.8;line-height:var(--awb-custom_typography_2-line-height);\">D\u00e9finition de la cobotique<\/h2><\/div><div class=\"fusion-text fusion-text-2 fusion-text-no-margin\" style=\"--awb-margin-bottom:0px;\"><p>La <b>cobotique <\/b>repr\u00e9sente une solution robotis\u00e9e r\u00e9alis\u00e9e pour coop\u00e9rer et avoir une interaction directe avec un op\u00e9rateur humain. Contrairement \u00e0 la robotique classique qui a un fonctionnement tout \u00e0 fait autonome, la <b>robotique collaborative v<\/b>ise une coop\u00e9ration avec l\u2019homme. Les robots modernes sont appel\u00e9s des <b>cobots<\/b>. En effet, un robot con\u00e7u pour la collaboration n\u2019est pas programm\u00e9 pour faire une m\u00eame partie de t\u00e2che r\u00e9p\u00e9titive de fa\u00e7on isol\u00e9e. Aussi, qu\u2019il soit guid\u00e9 en temps r\u00e9el ou param\u00e9tr\u00e9 \u00e0 l\u2019avance, il se doit de travailler aux c\u00f4t\u00e9s et de porter assistance \u00e0 l\u2019homme robot.<\/p>\n<p>Par ailleurs, il faut dire qu\u2019il y a trois grandes cat\u00e9gories de cobots. Il existe les cobots pilot\u00e9s par un op\u00e9rateur se trouvant imm\u00e9diatement \u00e0 proximit\u00e9 du syst\u00e8me, les cobots guid\u00e9s \u00e0 distance et enfin l&rsquo;<b>exosquelette<\/b>. Ces derni\u00e8res ont pour particularit\u00e9 d\u2019assister les humains dans des t\u00e2ches physiques en servant de support.<\/p>\n<\/div><\/div><\/div><div class=\"fusion-layout-column fusion_builder_column fusion-builder-column-2 fusion_builder_column_1_2 1_2 fusion-flex-column\" style=\"--awb-padding-top-small:25px;--awb-bg-size:cover;--awb-width-large:50%;--awb-margin-top-large:0px;--awb-spacing-right-large:3.84%;--awb-margin-bottom-large:20px;--awb-spacing-left-large:3.84%;--awb-width-medium:100%;--awb-order-medium:0;--awb-spacing-right-medium:1.92%;--awb-spacing-left-medium:1.92%;--awb-width-small:100%;--awb-order-small:0;--awb-spacing-right-small:1.92%;--awb-margin-bottom-small:25px;--awb-spacing-left-small:1.92%;\"><div class=\"fusion-column-wrapper fusion-column-has-shadow fusion-flex-justify-content-flex-start fusion-content-layout-column\"><div class=\"fusion-image-element \" style=\"--awb-caption-title-font-family:var(--h2_typography-font-family);--awb-caption-title-font-weight:var(--h2_typography-font-weight);--awb-caption-title-font-style:var(--h2_typography-font-style);--awb-caption-title-size:var(--h2_typography-font-size);--awb-caption-title-transform:var(--h2_typography-text-transform);--awb-caption-title-line-height:var(--h2_typography-line-height);--awb-caption-title-letter-spacing:var(--h2_typography-letter-spacing);\"><span class=\" fusion-imageframe imageframe-none imageframe-1 hover-type-none\"><img decoding=\"async\" width=\"1920\" height=\"1280\" alt=\"robotique industrielle\" title=\"Cobotique\" src=\"data:image\/svg+xml,%3Csvg%20xmlns%3D%27http%3A%2F%2Fwww.w3.org%2F2000%2Fsvg%27%20width%3D%271920%27%20height%3D%271280%27%20viewBox%3D%270%200%201920%201280%27%3E%3Crect%20width%3D%271920%27%20height%3D%271280%27%20fill-opacity%3D%220%22%2F%3E%3C%2Fsvg%3E\" data-orig-src=\"https:\/\/www.cim-atlantique.com\/wp-content\/uploads\/2022\/06\/illustration-COBOTIQUE-2.jpg\" class=\"lazyload img-responsive wp-image-1867\"\/><\/span><\/div><\/div><\/div><div class=\"fusion-layout-column fusion_builder_column fusion-builder-column-3 fusion_builder_column_1_1 1_1 fusion-flex-column\" style=\"--awb-bg-size:cover;--awb-width-large:100%;--awb-margin-top-large:0px;--awb-spacing-right-large:1.92%;--awb-margin-bottom-large:20px;--awb-spacing-left-large:1.92%;--awb-width-medium:100%;--awb-order-medium:0;--awb-spacing-right-medium:1.92%;--awb-spacing-left-medium:1.92%;--awb-width-small:100%;--awb-order-small:0;--awb-spacing-right-small:1.92%;--awb-margin-bottom-small:0px;--awb-spacing-left-small:1.92%;\"><div class=\"fusion-column-wrapper fusion-column-has-shadow fusion-flex-justify-content-flex-start fusion-content-layout-column\"><div class=\"fusion-text fusion-text-3\"><p>Il faut aussi ajouter qu\u2019en cobotique, l\u2019homme n\u2019est aucunement remplac\u00e9 par la machine. Elle l\u2019assiste dans les travaux en lui apportant le confort, la force et la pr\u00e9cision n\u00e9cessaire pour la bonne r\u00e9alisation des activit\u00e9s en gardant ses comp\u00e9tences. Ainsi, le robot n\u2019enl\u00e8ve pas \u00e0 son op\u00e9rateur, ses capacit\u00e9s d\u2019analyse et de prise de d\u00e9cisions. Il faut aussi dire que <b>la cobotique<\/b> est une technologie transdisciplinaire. Elle int\u00e8gre \u00e9galement l\u2019ergonomie et la biom\u00e9canique pour adapter le poste de travail, les mat\u00e9riaux et l\u2019environnement de travail \u00e0 l\u2019individu, minimisant ainsi chaque t\u00e2che dangereuse.<\/p>\n<\/div><\/div><\/div><\/div><\/div><div class=\"fusion-fullwidth fullwidth-box fusion-builder-row-3 fusion-flex-container nonhundred-percent-fullwidth non-hundred-percent-height-scrolling\" style=\"--awb-border-radius-top-left:0px;--awb-border-radius-top-right:0px;--awb-border-radius-bottom-right:0px;--awb-border-radius-bottom-left:0px;--awb-margin-top:50px;--awb-margin-bottom:50px;--awb-flex-wrap:wrap;\" ><div class=\"fusion-builder-row fusion-row fusion-flex-align-items-flex-start fusion-flex-content-wrap\" style=\"max-width:1185.6px;margin-left: calc(-4% \/ 2 );margin-right: calc(-4% \/ 2 );\"><div class=\"fusion-layout-column fusion_builder_column fusion-builder-column-4 fusion_builder_column_1_1 1_1 fusion-flex-column\" style=\"--awb-bg-size:cover;--awb-width-large:100%;--awb-margin-top-large:0px;--awb-spacing-right-large:1.92%;--awb-margin-bottom-large:0px;--awb-spacing-left-large:1.92%;--awb-width-medium:100%;--awb-order-medium:0;--awb-spacing-right-medium:1.92%;--awb-spacing-left-medium:1.92%;--awb-width-small:100%;--awb-order-small:0;--awb-spacing-right-small:1.92%;--awb-spacing-left-small:1.92%;\"><div class=\"fusion-column-wrapper fusion-column-has-shadow fusion-flex-justify-content-flex-start fusion-content-layout-column\"><div class=\"fusion-title title fusion-title-2 fusion-sep-none fusion-title-text fusion-title-size-two\"><h2 class=\"fusion-title-heading title-heading-left fusion-responsive-typography-calculated\" style=\"margin:0;--fontSize:39.8;line-height:var(--awb-custom_typography_2-line-height);\">Les avantages de l&rsquo;utilisation de la cobotique<\/h2><\/div><div class=\"fusion-text fusion-text-4\"><p><a href=\"https:\/\/www.cim-atlantique.com\/fr\/les-avantages-de-la-robotique-industrielle\/\"><b>Les avantages de la robotique industrielle <\/b><\/a>et de la cobotique sont nombreux dans les ateliers de production. Dans un premier temps, elle permet d\u2019apporter une s\u00e9curit\u00e9 maximale \u00e0 l\u2019op\u00e9rateur dans la r\u00e9alisation des diverses manipulations. De plus, les mod\u00e8les de cobots r\u00e9cemment mis en place sont plus faciles \u00e0 manier. L\u2019apprentissage de leur mode de fonctionnement ne n\u00e9cessite pas de formation intense de type sup\u00e9rieur ou altern\u00e9e en centre.<\/p>\n<p>De m\u00eame, l\u2019utilisation de cette technologie permet aux op\u00e9rateurs de confier les t\u00e2ches les plus fatigantes \u00e0 la machine. De ce fait, ils peuvent ais\u00e9ment se consacrer aux travaux n\u00e9cessitant une grande r\u00e9flexion. Ceci permet d\u2019am\u00e9liorer la productivit\u00e9 au sein d\u2019une usine. Les cobots, gr\u00e2ce \u00e0 leurs options de mobilit\u00e9, sont ad\u00e9quats pour les espaces \u00e0 petit volume. Ils se connectent aussi facilement aux \u00e9quipements num\u00e9riques. Capables d\u2019\u00eatre guid\u00e9s par tablette, la prise en main est tr\u00e8s simple pour modifier le code ou ajuster un param\u00e8tre.<\/p>\n<\/div><\/div><\/div><\/div><\/div><div class=\"fusion-fullwidth fullwidth-box fusion-builder-row-4 fusion-flex-container faded-background fusion-parallax-none nonhundred-percent-fullwidth non-hundred-percent-height-scrolling lazyload\" style=\"--awb-border-radius-top-left:0px;--awb-border-radius-top-right:0px;--awb-border-radius-bottom-right:0px;--awb-border-radius-bottom-left:0px;--awb-padding-top:66px;--awb-padding-bottom:46px;--awb-margin-top:32px;--awb-background-size:cover;--awb-flex-wrap:wrap;\" data-bg=\"https:\/\/www.cim-atlantique.com\/wp-content\/uploads\/2024\/10\/Contactez-nous.svg\" ><div class=\"fullwidth-faded lazyload\" style=\"--awb-background-color:var(--awb-custom_color_1);--awb-background-size:cover;\" data-bg=\"https:\/\/www.cim-atlantique.com\/wp-content\/uploads\/2024\/10\/Contactez-nous.svg\" ><\/div><div class=\"fusion-builder-row fusion-row fusion-flex-align-items-stretch fusion-flex-content-wrap\" style=\"max-width:1185.6px;margin-left: calc(-4% \/ 2 );margin-right: calc(-4% \/ 2 );\"><div class=\"fusion-layout-column fusion_builder_column fusion-builder-column-5 fusion_builder_column_1_1 1_1 fusion-flex-column\" style=\"--awb-padding-right:60px;--awb-padding-right-small:0px;--awb-bg-size:cover;--awb-transition:filter 75ms ease, transform 75ms ease, background-color 75ms ease, border-color 75ms ease;--awb-width-large:100%;--awb-margin-top-large:0px;--awb-spacing-right-large:1.92%;--awb-margin-bottom-large:0px;--awb-spacing-left-large:1.92%;--awb-width-medium:100%;--awb-spacing-right-medium:1.92%;--awb-spacing-left-medium:1.92%;--awb-width-small:100%;--awb-spacing-right-small:1.92%;--awb-spacing-left-small:1.92%;\"><div class=\"fusion-column-wrapper fusion-column-has-shadow fusion-flex-justify-content-center fusion-content-layout-column\"><div class=\"fusion-title title fusion-title-3 fusion-sep-none fusion-title-center fusion-title-text fusion-title-size-three\" style=\"--awb-text-color:var(--awb-color1);\"><h3 class=\"fusion-title-heading title-heading-center fusion-responsive-typography-calculated\" style=\"margin:0;--fontSize:33.1;line-height:var(--awb-custom_typography_3-line-height);\">Int\u00e9grer la vision avec CIM Atlantique, votre expert<\/h3><\/div><div class=\"fusion-text fusion-text-5\" style=\"--awb-content-alignment:center;--awb-text-color:#ffffff;\"><p style=\"text-align: justify;\">En tant que fabricant de solutions industrielles, nous mettons l\u2019accent sur la personnalisation et l\u2019innovation. Nos syst\u00e8mes automatis\u00e9s industriels sont con\u00e7us pour s\u2019int\u00e9grer parfaitement \u00e0 vos infrastructures et r\u00e9pondre aux sp\u00e9cificit\u00e9s de votre secteur, qu\u2019il s\u2019agisse de machines sp\u00e9ciales pour l\u2019emballage, de solutions pour l\u2019agro-industrie, ou encore de machines sp\u00e9ciales d\u2019usinage.<\/p>\n<p>CIM Atlantique vous accompagne dans vos d\u00e9marches de robotisations, visions, machines sp\u00e9ciales et cobotiques. Besoin de conseils, d\u2019informations sur le montage et la maintenance <span style=\"color: var(--awb-text-color); font-family: var(--awb-text-font-family); font-size: var(--awb-font-size); font-style: var(--awb-text-font-style); font-weight: var(--awb-text-font-weight); letter-spacing: var(--awb-letter-spacing); text-align: var(--awb-content-alignment); text-transform: var(--awb-text-transform); background-color: var(--awb-bg-color-hover);\">de vos installations robotis\u00e9es\u2026<\/span><\/p>\n<\/div><div class=\"fusion-separator fusion-full-width-sep\" style=\"align-self: center;margin-left: auto;margin-right: auto;margin-top:20px;width:100%;\"><\/div><div class=\"fusion-separator fusion-full-width-sep\" style=\"align-self: center;margin-left: auto;margin-right: auto;width:100%;\"><\/div><div class=\"fusion-separator fusion-full-width-sep\" style=\"align-self: center;margin-left: auto;margin-right: auto;width:100%;\"><\/div><div class=\"fusion-separator fusion-full-width-sep\" style=\"align-self: center;margin-left: auto;margin-right: auto;width:100%;\"><\/div><div style=\"text-align:center;\"><a class=\"fusion-button button-flat fusion-button-default-size button-custom fusion-button-default button-1 fusion-button-default-span fusion-button-default-type\" style=\"--button_accent_color:var(--awb-color4);--button_border_color:var(--awb-custom_color_1);--button_accent_hover_color:var(--awb-color4);--button_border_hover_color:var(--awb-color4);--button_gradient_top_color:var(--awb-color1);--button_gradient_bottom_color:var(--awb-color1);--button_gradient_top_color_hover:hsla(calc( var(--awb-color4-h) + 8 ),var(--awb-color4-s),var(--awb-color4-l),var(--awb-color4-a));--button_gradient_bottom_color_hover:hsla(calc( var(--awb-color4-h) + 8 ),var(--awb-color4-s),var(--awb-color4-l),var(--awb-color4-a));\" target=\"_self\" href=\"https:\/\/www.cim-atlantique.com\/devis\/\"><span class=\"fusion-button-text awb-button__text awb-button__text--default\">Demander une \u00e9tude de faisabilit\u00e9<\/span><\/a><\/div><div class=\"fusion-separator fusion-full-width-sep\" style=\"align-self: center;margin-left: auto;margin-right: auto;width:100%;\"><\/div><\/div><\/div><\/div><\/div>\n<div class=\"fusion-fullwidth fullwidth-box fusion-builder-row-5 fusion-flex-container nonhundred-percent-fullwidth non-hundred-percent-height-scrolling\" style=\"--awb-border-radius-top-left:0px;--awb-border-radius-top-right:0px;--awb-border-radius-bottom-right:0px;--awb-border-radius-bottom-left:0px;--awb-margin-top:50px;--awb-flex-wrap:wrap;\" ><div class=\"fusion-builder-row fusion-row fusion-flex-align-items-flex-start fusion-flex-content-wrap\" style=\"max-width:1185.6px;margin-left: calc(-4% \/ 2 );margin-right: calc(-4% \/ 2 );\"><div class=\"fusion-layout-column fusion_builder_column fusion-builder-column-6 fusion_builder_column_1_1 1_1 fusion-flex-column\" style=\"--awb-bg-size:cover;--awb-width-large:100%;--awb-margin-top-large:0px;--awb-spacing-right-large:1.92%;--awb-margin-bottom-large:0px;--awb-spacing-left-large:1.92%;--awb-width-medium:100%;--awb-order-medium:0;--awb-spacing-right-medium:1.92%;--awb-spacing-left-medium:1.92%;--awb-width-small:100%;--awb-order-small:0;--awb-spacing-right-small:1.92%;--awb-spacing-left-small:1.92%;\"><div class=\"fusion-column-wrapper fusion-column-has-shadow fusion-flex-justify-content-flex-start fusion-content-layout-column\"><div class=\"fusion-title title fusion-title-4 fusion-sep-none fusion-title-text fusion-title-size-two\"><h2 class=\"fusion-title-heading title-heading-left fusion-responsive-typography-calculated\" style=\"margin:0;--fontSize:39.8;line-height:var(--awb-custom_typography_2-line-height);\">La solution cobotique propos\u00e9e par CIM Atlantique<\/h2><\/div><\/div><\/div><div class=\"fusion-layout-column fusion_builder_column fusion-builder-column-7 fusion_builder_column_1_2 1_2 fusion-flex-column\" style=\"--awb-bg-size:cover;--awb-width-large:50%;--awb-margin-top-large:0px;--awb-spacing-right-large:3.84%;--awb-margin-bottom-large:0px;--awb-spacing-left-large:3.84%;--awb-width-medium:100%;--awb-order-medium:0;--awb-spacing-right-medium:1.92%;--awb-spacing-left-medium:1.92%;--awb-width-small:100%;--awb-order-small:0;--awb-spacing-right-small:1.92%;--awb-spacing-left-small:1.92%;\"><div class=\"fusion-column-wrapper fusion-column-has-shadow fusion-flex-justify-content-flex-start fusion-content-layout-column\"><div class=\"fusion-text fusion-text-6\"><p><b><a href=\"https:\/\/www.cim-atlantique.com\/fr\/\">CIM Atlantique<\/a> <\/b>est sp\u00e9cialis\u00e9e dans la Conception Industrielle et le Montage. Elle a une forte exp\u00e9rience dans les domaines de la conception m\u00e9canique et de la r\u00e9alisation de <b>machines sp\u00e9ciales d\u2019assemblage<\/b>. Les syst\u00e8mes mis en place sont d\u00e9velopp\u00e9s selon votre cahier des charges et votre politique de production. Pour \u00eatre au plus pr\u00e8s de vos usines, nous assurons l&rsquo;<b><a href=\"https:\/\/www.cim-atlantique.com\/fr\/integration-de-robots-industriels\/\">int\u00e9gration de robots industriels dans les Hauts-de-France,<\/a><\/b> en Bourgogne-Franche-Comt\u00e9, dans le Grand Est, en Auvergne-Rh\u00f4ne-Alpes et en Occitanie.<\/p>\n<p>Nous disposons \u00e9galement d\u2019une grande exp\u00e9rience dans le domaine de la cobotique. En prenant en compte les notions de vitesse de d\u00e9placement du robot industriel, de hauteur de travail et de conception m\u00e9canique, nous pouvons proposer les meilleures cr\u00e9ations. Nous proposons de nombreux robots collaboratifs de cat\u00e9gorie polyarticul\u00e9 (gamme TM de OMRON) et de type mobile (MIR, ADEPT). Qu&rsquo;il s&rsquo;agisse d&rsquo;une architecture li\u00e9e \u00e0 Universal Robots (comme un cobot Universal) ou d&rsquo;un \u00e9quipement classique (par exemple tel qu&rsquo;il est vendu par Bibus France), ce cobot n\u00e9cessitera toujours une int\u00e9gration experte pour r\u00e9v\u00e9ler son plein potentiel.<\/p>\n<\/div><\/div><\/div><div class=\"fusion-layout-column fusion_builder_column fusion-builder-column-8 fusion_builder_column_1_2 1_2 fusion-flex-column\" style=\"--awb-bg-size:cover;--awb-width-large:50%;--awb-margin-top-large:0px;--awb-spacing-right-large:3.84%;--awb-margin-bottom-large:25px;--awb-spacing-left-large:3.84%;--awb-width-medium:100%;--awb-order-medium:0;--awb-spacing-right-medium:1.92%;--awb-spacing-left-medium:1.92%;--awb-width-small:100%;--awb-order-small:0;--awb-spacing-right-small:1.92%;--awb-spacing-left-small:1.92%;\"><div class=\"fusion-column-wrapper fusion-column-has-shadow fusion-flex-justify-content-flex-start fusion-content-layout-column\"><div class=\"fusion-image-element \" style=\"--awb-caption-title-font-family:var(--h2_typography-font-family);--awb-caption-title-font-weight:var(--h2_typography-font-weight);--awb-caption-title-font-style:var(--h2_typography-font-style);--awb-caption-title-size:var(--h2_typography-font-size);--awb-caption-title-transform:var(--h2_typography-text-transform);--awb-caption-title-line-height:var(--h2_typography-line-height);--awb-caption-title-letter-spacing:var(--h2_typography-letter-spacing);\"><span class=\" fusion-imageframe imageframe-none imageframe-2 hover-type-none\"><img decoding=\"async\" width=\"1024\" height=\"576\" alt=\"robotique industrielle\" title=\"Cobot &#8211; CIM Atlantique\" src=\"https:\/\/www.cim-atlantique.com\/wp-content\/uploads\/2025\/03\/Cobot-CIM-Atlantique.png\" data-orig-src=\"https:\/\/www.cim-atlantique.com\/wp-content\/uploads\/2025\/03\/Cobot-CIM-Atlantique-1024x576.png\" class=\"lazyload img-responsive wp-image-5677\" srcset=\"data:image\/svg+xml,%3Csvg%20xmlns%3D%27http%3A%2F%2Fwww.w3.org%2F2000%2Fsvg%27%20width%3D%271590%27%20height%3D%27894%27%20viewBox%3D%270%200%201590%20894%27%3E%3Crect%20width%3D%271590%27%20height%3D%27894%27%20fill-opacity%3D%220%22%2F%3E%3C%2Fsvg%3E\" data-srcset=\"https:\/\/www.cim-atlantique.com\/wp-content\/uploads\/2025\/03\/Cobot-CIM-Atlantique-200x112.png 200w, https:\/\/www.cim-atlantique.com\/wp-content\/uploads\/2025\/03\/Cobot-CIM-Atlantique-400x225.png 400w, https:\/\/www.cim-atlantique.com\/wp-content\/uploads\/2025\/03\/Cobot-CIM-Atlantique-600x337.png 600w, https:\/\/www.cim-atlantique.com\/wp-content\/uploads\/2025\/03\/Cobot-CIM-Atlantique-800x450.png 800w, https:\/\/www.cim-atlantique.com\/wp-content\/uploads\/2025\/03\/Cobot-CIM-Atlantique-1200x675.png 1200w, https:\/\/www.cim-atlantique.com\/wp-content\/uploads\/2025\/03\/Cobot-CIM-Atlantique.png 1590w\" data-sizes=\"auto\" data-orig-sizes=\"(max-width: 1150px) 100vw, (max-width: 640px) 100vw, 600px\" \/><\/span><\/div><\/div><\/div><div class=\"fusion-layout-column fusion_builder_column fusion-builder-column-9 fusion_builder_column_1_1 1_1 fusion-flex-column\" style=\"--awb-bg-size:cover;--awb-width-large:100%;--awb-margin-top-large:0px;--awb-spacing-right-large:1.92%;--awb-margin-bottom-large:20px;--awb-spacing-left-large:1.92%;--awb-width-medium:100%;--awb-order-medium:0;--awb-spacing-right-medium:1.92%;--awb-spacing-left-medium:1.92%;--awb-width-small:100%;--awb-order-small:0;--awb-spacing-right-small:1.92%;--awb-spacing-left-small:1.92%;\"><div class=\"fusion-column-wrapper fusion-column-has-shadow fusion-flex-justify-content-flex-start fusion-content-layout-column\"><div class=\"fusion-text fusion-text-7\"><p>&nbsp;<\/p>\n<p>Nous vous suivons en collaboration avec le fabricant robot afin de mener une \u00e9tude des risques. Cela garantit le c\u00f4t\u00e9 s\u00e9curitaire de l\u2019\u00eelot. Dans ce sens, une certification CE peut \u00eatre visible sur nos diverses machines.<\/p>\n<p>Pour assurer l\u2019aspect collaboratif de votre \u00eelot et un excellent service, il faut une conception m\u00e9canique adapt\u00e9e. Dans ce sens, l\u2019\u00e9quipe de CIM Atlantique vous propose une offre d\u2019int\u00e9gration d\u2019\u00eelots totalement automatis\u00e9s. Ayant une parfaite connaissance de cette probl\u00e9matique, nous concevons pour vous des outils compl\u00e8tement appropri\u00e9s. Par exemple, nos pr\u00e9henseurs disposent d\u2019un rev\u00eatement souple et de bords sensibles pour s\u2019adapter \u00e0 la demande, r\u00e9duisant ainsi les risques tout en assurant le levage de chaque \u00e9l\u00e9ment selon la charge utile requise.<\/p>\n<\/div><\/div><\/div><\/div><\/div><\/p>\n","protected":false},"excerpt":{"rendered":"","protected":false},"author":2,"featured_media":1867,"parent":0,"menu_order":0,"comment_status":"closed","ping_status":"closed","template":"100-width.php","meta":{"inline_featured_image":false,"footnotes":""},"class_list":["post-1793","page","type-page","status-publish","has-post-thumbnail","hentry"],"_links":{"self":[{"href":"https:\/\/www.cim-atlantique.com\/fr\/wp-json\/wp\/v2\/pages\/1793","targetHints":{"allow":["GET"]}}],"collection":[{"href":"https:\/\/www.cim-atlantique.com\/fr\/wp-json\/wp\/v2\/pages"}],"about":[{"href":"https:\/\/www.cim-atlantique.com\/fr\/wp-json\/wp\/v2\/types\/page"}],"author":[{"embeddable":true,"href":"https:\/\/www.cim-atlantique.com\/fr\/wp-json\/wp\/v2\/users\/2"}],"replies":[{"embeddable":true,"href":"https:\/\/www.cim-atlantique.com\/fr\/wp-json\/wp\/v2\/comments?post=1793"}],"version-history":[{"count":20,"href":"https:\/\/www.cim-atlantique.com\/fr\/wp-json\/wp\/v2\/pages\/1793\/revisions"}],"predecessor-version":[{"id":6791,"href":"https:\/\/www.cim-atlantique.com\/fr\/wp-json\/wp\/v2\/pages\/1793\/revisions\/6791"}],"wp:featuredmedia":[{"embeddable":true,"href":"https:\/\/www.cim-atlantique.com\/fr\/wp-json\/wp\/v2\/media\/1867"}],"wp:attachment":[{"href":"https:\/\/www.cim-atlantique.com\/fr\/wp-json\/wp\/v2\/media?parent=1793"}],"curies":[{"name":"wp","href":"https:\/\/api.w.org\/{rel}","templated":true}]}}