{"id":1803,"date":"2022-06-19T23:28:33","date_gmt":"2022-06-19T21:28:33","guid":{"rendered":"http:\/\/cim-atlantique.com\/?page_id=1803"},"modified":"2026-03-20T15:14:13","modified_gmt":"2026-03-20T14:14:13","slug":"ilot-robotise-assemblage-batteries-electriques","status":"publish","type":"page","link":"https:\/\/www.cim-atlantique.com\/fr\/ilot-robotise-assemblage-batteries-electriques\/","title":{"rendered":"Ilot robotis\u00e9 d\u2019assemblage de batteries \u00e9lectriques"},"content":{"rendered":"<p><div class=\"fusion-fullwidth fullwidth-box fusion-builder-row-1 fusion-flex-container nonhundred-percent-fullwidth non-hundred-percent-height-scrolling\" style=\"--awb-border-radius-top-left:0px;--awb-border-radius-top-right:0px;--awb-border-radius-bottom-right:0px;--awb-border-radius-bottom-left:0px;--awb-margin-bottom:50px;--awb-flex-wrap:wrap;\" ><div class=\"fusion-builder-row fusion-row fusion-flex-align-items-flex-start fusion-flex-content-wrap\" style=\"max-width:1185.6px;margin-left: calc(-4% \/ 2 );margin-right: calc(-4% \/ 2 );\"><div class=\"fusion-layout-column fusion_builder_column fusion-builder-column-0 fusion_builder_column_1_1 1_1 fusion-flex-column\" style=\"--awb-bg-blend:overlay;--awb-bg-size:cover;--awb-width-large:100%;--awb-margin-top-large:0px;--awb-spacing-right-large:1.92%;--awb-margin-bottom-large:0px;--awb-spacing-left-large:1.92%;--awb-width-medium:100%;--awb-spacing-right-medium:1.92%;--awb-spacing-left-medium:1.92%;--awb-width-small:100%;--awb-spacing-right-small:1.92%;--awb-spacing-left-small:1.92%;\"><div class=\"fusion-column-wrapper fusion-flex-justify-content-flex-start fusion-content-layout-column\"><div class=\"fusion-title title fusion-title-1 fusion-sep-none fusion-title-text fusion-title-size-two\"><h2 class=\"fusion-title-heading title-heading-left fusion-responsive-typography-calculated\" style=\"margin:0;--fontSize:39.8;line-height:var(--awb-custom_typography_2-line-height);\"><p class=\"fusion-responsive-typography-calculated\" style=\"--fontsize: 35; line-height: 1.2;\" data-fontsize=\"35\" data-lineheight=\"42px\">Ilot robotis\u00e9 : d\u00e9finition et applications<\/p><\/h2><\/div><\/div><\/div><div class=\"fusion-layout-column fusion_builder_column fusion-builder-column-1 fusion_builder_column_1_1 1_1 fusion-flex-column\" style=\"--awb-bg-blend:overlay;--awb-bg-size:cover;--awb-width-large:100%;--awb-margin-top-large:0px;--awb-spacing-right-large:1.92%;--awb-margin-bottom-large:0px;--awb-spacing-left-large:1.92%;--awb-width-medium:100%;--awb-spacing-right-medium:1.92%;--awb-spacing-left-medium:1.92%;--awb-width-small:100%;--awb-spacing-right-small:1.92%;--awb-spacing-left-small:1.92%;\"><div class=\"fusion-column-wrapper fusion-flex-justify-content-flex-start fusion-content-layout-column\"><div class=\"fusion-text fusion-text-1\"><p>Gr\u00e2ce \u00e0 ses ann\u00e9es d\u2019expertise, CIM Atlantique peut d\u00e9ployer un <a title=\"robotique industrielle\" href=\"https:\/\/www.cim-atlantique.com\/integration-de-robots-industriels\/\"><strong>ilot robotis\u00e9<\/strong><\/a> adapt\u00e9 aux besoins de votre entreprise dans vos ateliers ou usines. Ces ilots peuvent transporter de tr\u00e8s lourdes charges, et sont id\u00e9aux pour assembler des \u00e9l\u00e9ments les uns aux autres. Les applications les plus courantes d\u2019un ilot robotis\u00e9 sont le <a title=\"robotique industrielle et machine sp\u00e9ciale\" href=\"https:\/\/www.cim-atlantique.com\/robot-machine-presse-a-injecter\/\">chargement ou d\u00e9chargement de presse<\/a>, la manipulation de pi\u00e8ces, ou encore la robotisation d\u2019un poste d\u2019assemblage.<\/p>\n<p>Un <strong>ilot robotis\u00e9<\/strong> peut s\u2019adapter \u00e0 toute sorte d\u2019industrie, et charger ou d\u00e9charger des pi\u00e8ces automobiles ou a\u00e9ronautiques par exemple. Il est bien s\u00fbr possible de les param\u00e9trer pour les r\u00e9gler sur une vitesse de traitement propre qui vous permettra d\u2019<strong>optimiser le rendement<\/strong> de votre production.<\/p>\n<p>Des pr\u00e9henseurs peuvent \u00e9galement \u00eatre con\u00e7us et int\u00e9gr\u00e9s \u00e0 des lignes existantes. Leur <a title=\"automatisation industrielle\" href=\"https:\/\/www.cim-atlantique.com\/usine-4-et-automatisation\/\">automatisation<\/a> est enti\u00e8rement r\u00e9alis\u00e9e par les techniciens de CIM Atlantique pour que vous n\u2019ayez \u00e0 vous pr\u00e9occuper d\u2019aucun param\u00e9trage. Ils prennent en compte vos contraintes sp\u00e9cifiques ainsi que vos m\u00e9thodes de gestion et tri des flux de pi\u00e8ces pour garantir un r\u00e9sultat optimal.<\/p>\n<p>Pour r\u00e9sumer, un <strong>ilot robotis\u00e9<\/strong> permet la <strong>robotisation d\u2019un atelier<\/strong> afin de se lib\u00e9rer des contraintes li\u00e9es au fonctionnement d\u2019un op\u00e9rateur. L\u2019<a title=\"automatisation industrielle\" href=\"https:\/\/www.cim-atlantique.com\/usine-4-et-automatisation\/\">automatisation compl\u00e8te d\u2019une cha\u00eene<\/a> allant de la manipulation de pi\u00e8ces au contr\u00f4le des proc\u00e9d\u00e9s de fabrication offre un avantage concurrentiel certain, qu\u2019il s\u2019agisse du co\u00fbt de fonctionnement de la cha\u00eene ou du facteur humain qui peut d\u00e9clencher de nombreuses erreurs en comparaison avec un <strong>ilot robotis\u00e9<\/strong>.<\/p>\n<\/div><div class=\"fusion-image-element \" style=\"text-align:center;--awb-max-width:500px;--awb-caption-title-font-family:var(--h2_typography-font-family);--awb-caption-title-font-weight:var(--h2_typography-font-weight);--awb-caption-title-font-style:var(--h2_typography-font-style);--awb-caption-title-size:var(--h2_typography-font-size);--awb-caption-title-transform:var(--h2_typography-text-transform);--awb-caption-title-line-height:var(--h2_typography-line-height);--awb-caption-title-letter-spacing:var(--h2_typography-letter-spacing);\"><span class=\" fusion-imageframe imageframe-none imageframe-1 hover-type-none\"><img alt=\"robotique industrielle : robot assemblage batterie electrique industrie\" title=\"integration robotique industrielle robot assemblage\" class=\"lazyload img-responsive wp-image-1882\"\/><\/span><\/div><\/div><\/div><\/div><\/div><div class=\"fusion-fullwidth fullwidth-box fusion-builder-row-2 fusion-flex-container nonhundred-percent-fullwidth non-hundred-percent-height-scrolling\" style=\"--awb-border-radius-top-left:0px;--awb-border-radius-top-right:0px;--awb-border-radius-bottom-right:0px;--awb-border-radius-bottom-left:0px;--awb-margin-top:50px;--awb-margin-bottom:50px;--awb-flex-wrap:wrap;\" ><div class=\"fusion-builder-row fusion-row fusion-flex-align-items-flex-start fusion-flex-content-wrap\" style=\"max-width:1185.6px;margin-left: calc(-4% \/ 2 );margin-right: calc(-4% \/ 2 );\"><div class=\"fusion-layout-column fusion_builder_column fusion-builder-column-2 fusion_builder_column_1_1 1_1 fusion-flex-column\" style=\"--awb-bg-blend:overlay;--awb-bg-size:cover;--awb-width-large:100%;--awb-margin-top-large:0px;--awb-spacing-right-large:1.92%;--awb-margin-bottom-large:0px;--awb-spacing-left-large:1.92%;--awb-width-medium:100%;--awb-spacing-right-medium:1.92%;--awb-spacing-left-medium:1.92%;--awb-width-small:100%;--awb-spacing-right-small:1.92%;--awb-spacing-left-small:1.92%;\"><div class=\"fusion-column-wrapper fusion-flex-justify-content-flex-start fusion-content-layout-column\"><div class=\"fusion-title title fusion-title-2 fusion-sep-none fusion-title-text fusion-title-size-two\"><h2 class=\"fusion-title-heading title-heading-left fusion-responsive-typography-calculated\" style=\"margin:0;--fontSize:39.8;line-height:var(--awb-custom_typography_2-line-height);\">Automatisation intelligente pour l\u2019\u00e9lectromobilit\u00e9<\/h2><\/div><div class=\"fusion-text fusion-text-2\"><p>Dans le cadre du nouveau TGV d\u2019Alstom, CIM Atlantique a d\u00e9velopp\u00e9 des <a title=\"robotique industrielle\" href=\"https:\/\/www.cim-atlantique.com\/integration-de-robots-industriels\/\">ilots robotis\u00e9s<\/a> permettant l\u2019assemblage par vissage de batteries en lithium sur des plaques de liaisons. Le robot, par le biais de <strong>syst\u00e8mes de pr\u00e9hension multiples<\/strong> assurent la manutention et le stockage des Cell Blocks (CB) dans un stockeur vertical et leur transfert sur la plaque froide. Un autre pr\u00e9henseur du robot permet la manutention des plaques froides et d\u2019un gabarit permettant de manipuler le sous-ensemble apr\u00e8s assemblage.<\/p>\n<p>L\u2019assemblage des <strong>Cell Blocks<\/strong> sur plaque froide se fait par une visseuse asservie \u00e0 un axe \u00e9lectrique. Le syst\u00e8me permet de distribuer deux rondelles et de contr\u00f4ler le couple et l\u2019angle de chaque vissage. Une attention particuli\u00e8re a \u00e9t\u00e9 port\u00e9e sur la s\u00e9curit\u00e9 de l\u2019<strong>ilot robotis\u00e9<\/strong>.<\/p>\n<p>Des syst\u00e8mes anti incendies \u00e0 l\u2019argonite ont \u00e9t\u00e9 int\u00e9gr\u00e9s dans les bancs de tests et dans le stockeur. De plus, un syst\u00e8me antichute des batteries lithium-ion a \u00e9t\u00e9 d\u00e9velopp\u00e9 sur le pr\u00e9henseur. Un onduleur et une cuve pneumatique propres \u00e0 l\u2019ilot permettent de <strong>s\u00e9curiser la prise des plaques froides<\/strong> et gabarits en cas de perte d\u2019\u00e9nergies.<\/p>\n<\/div><div class=\"fusion-image-element \" style=\"text-align:center;--awb-max-width:500px;--awb-caption-title-font-family:var(--h2_typography-font-family);--awb-caption-title-font-weight:var(--h2_typography-font-weight);--awb-caption-title-font-style:var(--h2_typography-font-style);--awb-caption-title-size:var(--h2_typography-font-size);--awb-caption-title-transform:var(--h2_typography-text-transform);--awb-caption-title-line-height:var(--h2_typography-line-height);--awb-caption-title-letter-spacing:var(--h2_typography-letter-spacing);\"><span class=\" fusion-imageframe imageframe-none imageframe-2 hover-type-none\"><img alt=\"integration robotique industrielle robot assemblage batterie\" title=\"integration robotique industrielle robot assemblage batterie\" class=\"lazyload img-responsive wp-image-1883\"\/><\/span><\/div><\/div><\/div><\/div><\/div><div class=\"fusion-fullwidth fullwidth-box fusion-builder-row-3 fusion-flex-container faded-background fusion-parallax-none nonhundred-percent-fullwidth non-hundred-percent-height-scrolling lazyload\" style=\"--awb-border-radius-top-left:0px;--awb-border-radius-top-right:0px;--awb-border-radius-bottom-right:0px;--awb-border-radius-bottom-left:0px;--awb-padding-top:66px;--awb-padding-bottom:46px;--awb-margin-top:32px;--awb-background-size:cover;--awb-flex-wrap:wrap;\" data-bg=\"https:\/\/www.cim-atlantique.com\/wp-content\/uploads\/2024\/10\/Contactez-nous.svg\" ><div class=\"fullwidth-faded lazyload\" style=\"--awb-background-color:var(--awb-custom_color_1);--awb-background-size:cover;\" data-bg=\"https:\/\/www.cim-atlantique.com\/wp-content\/uploads\/2024\/10\/Contactez-nous.svg\" ><\/div><div class=\"fusion-builder-row fusion-row fusion-flex-align-items-stretch fusion-flex-content-wrap\" style=\"max-width:1185.6px;margin-left: calc(-4% \/ 2 );margin-right: calc(-4% \/ 2 );\"><div class=\"fusion-layout-column fusion_builder_column fusion-builder-column-3 fusion_builder_column_1_1 1_1 fusion-flex-column\" style=\"--awb-padding-right:60px;--awb-padding-right-small:0px;--awb-bg-size:cover;--awb-transition:filter 75ms ease, transform 75ms ease, background-color 75ms ease, border-color 75ms ease;--awb-width-large:100%;--awb-margin-top-large:0px;--awb-spacing-right-large:1.92%;--awb-margin-bottom-large:0px;--awb-spacing-left-large:1.92%;--awb-width-medium:100%;--awb-spacing-right-medium:1.92%;--awb-spacing-left-medium:1.92%;--awb-width-small:100%;--awb-spacing-right-small:1.92%;--awb-spacing-left-small:1.92%;\"><div class=\"fusion-column-wrapper fusion-column-has-shadow fusion-flex-justify-content-center fusion-content-layout-column\"><div class=\"fusion-title title fusion-title-3 fusion-sep-none fusion-title-center fusion-title-text fusion-title-size-three\" style=\"--awb-text-color:var(--awb-color1);\"><h3 class=\"fusion-title-heading title-heading-center fusion-responsive-typography-calculated\" style=\"margin:0;--fontSize:33.1;line-height:var(--awb-custom_typography_3-line-height);\">Int\u00e9grer la vision avec CIM Atlantique, votre expert<\/h3><\/div><div class=\"fusion-text fusion-text-3\" style=\"--awb-content-alignment:center;--awb-text-color:#ffffff;\"><p style=\"text-align: justify;\">En tant que fabricant de solutions industrielles, nous mettons l\u2019accent sur la personnalisation et l\u2019innovation. Nos syst\u00e8mes automatis\u00e9s industriels sont con\u00e7us pour s\u2019int\u00e9grer parfaitement \u00e0 vos infrastructures et r\u00e9pondre aux sp\u00e9cificit\u00e9s de votre secteur, qu\u2019il s\u2019agisse de machines sp\u00e9ciales pour l\u2019emballage, de solutions pour l\u2019agro-industrie, ou encore de machines sp\u00e9ciales d\u2019usinage.<\/p>\n<p>CIM Atlantique vous accompagne dans vos d\u00e9marches de robotisations, visions, machines sp\u00e9ciales et cobotiques. Besoin de conseils, d\u2019informations sur le montage et la maintenance <span style=\"color: var(--awb-text-color); font-family: var(--awb-text-font-family); font-size: var(--awb-font-size); font-style: var(--awb-text-font-style); font-weight: var(--awb-text-font-weight); letter-spacing: var(--awb-letter-spacing); text-align: var(--awb-content-alignment); text-transform: var(--awb-text-transform); background-color: var(--awb-bg-color-hover);\">de vos installations robotis\u00e9es\u2026<\/span><\/p>\n<\/div><div class=\"fusion-separator fusion-full-width-sep\" style=\"align-self: center;margin-left: auto;margin-right: auto;margin-top:20px;width:100%;\"><\/div><div class=\"fusion-separator fusion-full-width-sep\" style=\"align-self: center;margin-left: auto;margin-right: auto;width:100%;\"><\/div><div class=\"fusion-separator fusion-full-width-sep\" style=\"align-self: center;margin-left: auto;margin-right: auto;width:100%;\"><\/div><div class=\"fusion-separator fusion-full-width-sep\" style=\"align-self: center;margin-left: auto;margin-right: auto;width:100%;\"><\/div><div style=\"text-align:center;\"><a class=\"fusion-button button-flat fusion-button-default-size button-custom fusion-button-default button-1 fusion-button-default-span fusion-button-default-type\" style=\"--button_accent_color:var(--awb-color4);--button_border_color:var(--awb-custom_color_1);--button_accent_hover_color:var(--awb-color4);--button_border_hover_color:var(--awb-color4);--button_gradient_top_color:var(--awb-color1);--button_gradient_bottom_color:var(--awb-color1);--button_gradient_top_color_hover:hsla(calc( var(--awb-color4-h) + 8 ),var(--awb-color4-s),var(--awb-color4-l),var(--awb-color4-a));--button_gradient_bottom_color_hover:hsla(calc( var(--awb-color4-h) + 8 ),var(--awb-color4-s),var(--awb-color4-l),var(--awb-color4-a));\" target=\"_self\" href=\"https:\/\/www.cim-atlantique.com\/devis\/\"><span class=\"fusion-button-text awb-button__text awb-button__text--default\">Demander une \u00e9tude de faisabilit\u00e9<\/span><\/a><\/div><div class=\"fusion-separator fusion-full-width-sep\" style=\"align-self: center;margin-left: auto;margin-right: auto;width:100%;\"><\/div><\/div><\/div><\/div><\/div>\n<div class=\"fusion-fullwidth fullwidth-box fusion-builder-row-4 fusion-flex-container nonhundred-percent-fullwidth non-hundred-percent-height-scrolling\" style=\"--awb-border-radius-top-left:0px;--awb-border-radius-top-right:0px;--awb-border-radius-bottom-right:0px;--awb-border-radius-bottom-left:0px;--awb-margin-top:50px;--awb-margin-bottom:0px;--awb-flex-wrap:wrap;\" ><div class=\"fusion-builder-row fusion-row fusion-flex-align-items-flex-start fusion-flex-content-wrap\" style=\"max-width:1185.6px;margin-left: calc(-4% \/ 2 );margin-right: calc(-4% \/ 2 );\"><div class=\"fusion-layout-column fusion_builder_column fusion-builder-column-4 fusion_builder_column_1_1 1_1 fusion-flex-column\" style=\"--awb-bg-blend:overlay;--awb-bg-size:cover;--awb-width-large:100%;--awb-margin-top-large:0px;--awb-spacing-right-large:1.92%;--awb-margin-bottom-large:0px;--awb-spacing-left-large:1.92%;--awb-width-medium:100%;--awb-spacing-right-medium:1.92%;--awb-spacing-left-medium:1.92%;--awb-width-small:100%;--awb-spacing-right-small:1.92%;--awb-spacing-left-small:1.92%;\"><div class=\"fusion-column-wrapper fusion-flex-justify-content-flex-start fusion-content-layout-column\"><div class=\"fusion-title title fusion-title-4 fusion-sep-none fusion-title-text fusion-title-size-two\"><h2 class=\"fusion-title-heading title-heading-left fusion-responsive-typography-calculated\" style=\"margin:0;--fontSize:39.8;line-height:var(--awb-custom_typography_2-line-height);\">Un ilot 4.0<\/h2><\/div><div class=\"fusion-text fusion-text-4\"><p>L&rsquo;<a title=\"automatisation\" href=\"https:\/\/www.cim-atlantique.com\/usine-4-et-automatisation\/\">automatisation<\/a> de l\u2019<strong>ilot robotis\u00e9<\/strong> permet la tra\u00e7abilit\u00e9 de l\u2019ensemble de la chaine de montage en scannant chaque code Datamatrix de chaque batterie et plaque froide. Toutes les entr\u00e9es \/ sorties de l\u2019ilot sont c\u00e2bl\u00e9s sur des r\u00e9partiteurs en I\/O Link permettant une grande pr\u00e9cision d\u2019\u00e9tat de chaque entr\u00e9e \/sortie et de d\u00e9velopper un <strong>syst\u00e8me de maintenance pr\u00e9dictive<\/strong> \u00e0 terme. Une tablette sans fil permet de piloter l\u2019<strong>ilot robotis\u00e9 <\/strong>et am\u00e8ne un grand confort \u00e0 l\u2019op\u00e9rateur en termes de mobilit\u00e9. Grace au logiciel MOTOLOGIX de Yaskawa, le robot est directement pilot\u00e9 par l\u2019Ihm et l\u2019automate machine. Il n\u2019y a plus de n\u00e9cessit\u00e9 de programmer les trajectoires sur le teach du robot.<\/p>\n<\/div><div class=\"fusion-video fusion-youtube\" style=\"--awb-max-width:600px;--awb-max-height:360px;--awb-align-self:center;--awb-width:100%;\"><div class=\"video-shortcode\"><lite-youtube videoid=\"6HBWIiTuBE4\" class=\"landscape\" params=\"wmode=transparent&autoplay=1&amp;enablejsapi=1\" title=\"integration robotique industrielle\" data-button-label=\"Play Video\" width=\"600\" height=\"360\" data-thumbnail-size=\"auto\" data-no-cookie=\"on\"><\/lite-youtube><\/div><\/div><\/div><\/div><\/div><\/div><\/p>\n","protected":false},"excerpt":{"rendered":"","protected":false},"author":2,"featured_media":1884,"parent":0,"menu_order":0,"comment_status":"closed","ping_status":"closed","template":"100-width.php","meta":{"inline_featured_image":false,"footnotes":""},"class_list":["post-1803","page","type-page","status-publish","has-post-thumbnail","hentry"],"_links":{"self":[{"href":"https:\/\/www.cim-atlantique.com\/fr\/wp-json\/wp\/v2\/pages\/1803","targetHints":{"allow":["GET"]}}],"collection":[{"href":"https:\/\/www.cim-atlantique.com\/fr\/wp-json\/wp\/v2\/pages"}],"about":[{"href":"https:\/\/www.cim-atlantique.com\/fr\/wp-json\/wp\/v2\/types\/page"}],"author":[{"embeddable":true,"href":"https:\/\/www.cim-atlantique.com\/fr\/wp-json\/wp\/v2\/users\/2"}],"replies":[{"embeddable":true,"href":"https:\/\/www.cim-atlantique.com\/fr\/wp-json\/wp\/v2\/comments?post=1803"}],"version-history":[{"count":14,"href":"https:\/\/www.cim-atlantique.com\/fr\/wp-json\/wp\/v2\/pages\/1803\/revisions"}],"predecessor-version":[{"id":6475,"href":"https:\/\/www.cim-atlantique.com\/fr\/wp-json\/wp\/v2\/pages\/1803\/revisions\/6475"}],"wp:featuredmedia":[{"embeddable":true,"href":"https:\/\/www.cim-atlantique.com\/fr\/wp-json\/wp\/v2\/media\/1884"}],"wp:attachment":[{"href":"https:\/\/www.cim-atlantique.com\/fr\/wp-json\/wp\/v2\/media?parent=1803"}],"curies":[{"name":"wp","href":"https:\/\/api.w.org\/{rel}","templated":true}]}}