{"id":1812,"date":"2022-06-19T23:45:23","date_gmt":"2022-06-19T21:45:23","guid":{"rendered":"http:\/\/cim-atlantique.com\/?page_id=1812"},"modified":"2024-09-26T16:10:19","modified_gmt":"2024-09-26T14:10:19","slug":"robots-mobiles","status":"publish","type":"page","link":"https:\/\/www.cim-atlantique.com\/fr\/robots-mobiles\/","title":{"rendered":"Robots mobiles"},"content":{"rendered":"<p><div class=\"fusion-fullwidth fullwidth-box fusion-builder-row-1 fusion-flex-container nonhundred-percent-fullwidth non-hundred-percent-height-scrolling\" style=\"--awb-border-radius-top-left:0px;--awb-border-radius-top-right:0px;--awb-border-radius-bottom-right:0px;--awb-border-radius-bottom-left:0px;--awb-flex-wrap:wrap;\" ><div class=\"fusion-builder-row fusion-row fusion-flex-align-items-flex-start fusion-flex-content-wrap\" style=\"max-width:1185.6px;margin-left: calc(-4% \/ 2 );margin-right: calc(-4% \/ 2 );\"><div class=\"fusion-layout-column fusion_builder_column fusion-builder-column-0 fusion_builder_column_1_1 1_1 fusion-flex-column\" style=\"--awb-bg-blend:overlay;--awb-bg-size:cover;--awb-width-large:100%;--awb-margin-top-large:0px;--awb-spacing-right-large:1.92%;--awb-margin-bottom-large:0px;--awb-spacing-left-large:1.92%;--awb-width-medium:100%;--awb-spacing-right-medium:1.92%;--awb-spacing-left-medium:1.92%;--awb-width-small:100%;--awb-spacing-right-small:1.92%;--awb-spacing-left-small:1.92%;\"><div class=\"fusion-column-wrapper fusion-flex-justify-content-flex-start fusion-content-layout-column\"><div class=\"fusion-text fusion-text-1\"><p>Dans le secteur<strong> industriel<\/strong>, il existe d\u00e9sormais des <strong>robots mobiles<\/strong> qui sont pour la plupart autonomes. Ils sont dot\u00e9s du Simultaneous Localisation And Mapping, une sorte d&rsquo;intelligence artificielle. Cette derni\u00e8re leur conf\u00e8re la capacit\u00e9 de se localiser et de pouvoir \u00e9viter les obstacles sur leur chemin. Ces <strong>robots mobiles<\/strong>\u00a0 repr\u00e9sentent une id\u00e9e tr\u00e8s pratique qui peut se montrer vraiment utile pour tout professionnel en industrie. Envie d&rsquo;en apprendre davantage sur cette solution ? Voici tout ce qu&rsquo;il faut savoir sur ces <strong>robots mobiles<\/strong> !<\/p>\n<\/div><\/div><\/div><\/div><\/div><div class=\"fusion-fullwidth fullwidth-box fusion-builder-row-2 fusion-flex-container nonhundred-percent-fullwidth non-hundred-percent-height-scrolling\" style=\"--awb-border-radius-top-left:0px;--awb-border-radius-top-right:0px;--awb-border-radius-bottom-right:0px;--awb-border-radius-bottom-left:0px;--awb-margin-top:50px;--awb-margin-bottom:0px;--awb-flex-wrap:wrap;\" ><div class=\"fusion-builder-row fusion-row fusion-flex-align-items-flex-start fusion-flex-content-wrap\" style=\"max-width:1185.6px;margin-left: calc(-4% \/ 2 );margin-right: calc(-4% \/ 2 );\"><div class=\"fusion-layout-column fusion_builder_column fusion-builder-column-1 fusion_builder_column_1_2 1_2 fusion-flex-column\" style=\"--awb-bg-blend:overlay;--awb-bg-size:cover;--awb-width-large:50%;--awb-margin-top-large:0px;--awb-spacing-right-large:3.84%;--awb-margin-bottom-large:0px;--awb-spacing-left-large:3.84%;--awb-width-medium:100%;--awb-spacing-right-medium:1.92%;--awb-spacing-left-medium:1.92%;--awb-width-small:100%;--awb-spacing-right-small:1.92%;--awb-spacing-left-small:1.92%;\"><div class=\"fusion-column-wrapper fusion-flex-justify-content-flex-start fusion-content-layout-column\"><div class=\"fusion-image-element \" style=\"text-align:center;--awb-caption-title-font-family:var(--h2_typography-font-family);--awb-caption-title-font-weight:var(--h2_typography-font-weight);--awb-caption-title-font-style:var(--h2_typography-font-style);--awb-caption-title-size:var(--h2_typography-font-size);--awb-caption-title-transform:var(--h2_typography-text-transform);--awb-caption-title-line-height:var(--h2_typography-line-height);--awb-caption-title-letter-spacing:var(--h2_typography-letter-spacing);\"><span class=\" fusion-imageframe imageframe-none imageframe-1 hover-type-none\"><img decoding=\"async\" width=\"300\" height=\"225\" alt=\"Robot industriel Mobile MIR100\" title=\"Robot industriel Mobile MIR100\" src=\"https:\/\/www.cim-atlantique.com\/wp-content\/uploads\/2022\/04\/mir100_robot_mobile_collaboratif.png\" data-orig-src=\"https:\/\/www.cim-atlantique.com\/wp-content\/uploads\/2022\/04\/mir100_robot_mobile_collaboratif-300x225.png\" class=\"lazyload img-responsive wp-image-1351\" srcset=\"data:image\/svg+xml,%3Csvg%20xmlns%3D%27http%3A%2F%2Fwww.w3.org%2F2000%2Fsvg%27%20width%3D%27560%27%20height%3D%27420%27%20viewBox%3D%270%200%20560%20420%27%3E%3Crect%20width%3D%27560%27%20height%3D%27420%27%20fill-opacity%3D%220%22%2F%3E%3C%2Fsvg%3E\" data-srcset=\"https:\/\/www.cim-atlantique.com\/wp-content\/uploads\/2022\/04\/mir100_robot_mobile_collaboratif-200x150.png 200w, https:\/\/www.cim-atlantique.com\/wp-content\/uploads\/2022\/04\/mir100_robot_mobile_collaboratif-400x300.png 400w, https:\/\/www.cim-atlantique.com\/wp-content\/uploads\/2022\/04\/mir100_robot_mobile_collaboratif.png 560w\" data-sizes=\"auto\" data-orig-sizes=\"(max-width: 1150px) 100vw, (max-width: 640px) 100vw, 300px\" \/><\/span><\/div><div class=\"fusion-text fusion-text-2\"><p><strong style=\"color: var(--h2_typography-color); font-family: var(--h2_typography-font-family); font-size: var(--h2_typography-font-size); font-style: var(--h2_typography-font-style,normal); letter-spacing: var(--h2_typography-letter-spacing); text-transform: var(--h2_typography-text-transform); background-color: rgba(255, 255, 255, 0);\">Le Robot Mobile MIR100<\/strong><\/p>\n<p>S\u00fbr et rentable, le <strong>robot mobile<\/strong> <strong>MIR100<\/strong> permet d&rsquo;automatiser rapidement vos processus internes en mati\u00e8re de logistique et de transport. Ce robot am\u00e9liore le flux de travail et par cons\u00e9quent lib\u00e8re de la tr\u00e9sorerie pour d\u2019autres activit\u00e9s. Il r\u00e9duit les efforts et les besoins en main-d\u2019\u0153uvre, ce qui repr\u00e9sente une source d&rsquo;\u00e9conomie suppl\u00e9mentaire.<\/p>\n<p>Le robot <strong>MIR100<\/strong> se d\u00e9place en toute s\u00e9curit\u00e9 autour des personnes et des obstacles. Il est en mesure de franchir les portes, mais aussi d&rsquo;utiliser convenablement un ascenseur. De plus, son utilisation n&rsquo;exige pas forc\u00e9ment une exp\u00e9rience pr\u00e9alable car il est tr\u00e8s facile \u00e0 prendre en main.<\/p>\n<\/div><\/div><\/div><div class=\"fusion-layout-column fusion_builder_column fusion-builder-column-2 fusion_builder_column_1_2 1_2 fusion-flex-column\" style=\"--awb-bg-blend:overlay;--awb-bg-size:cover;--awb-width-large:50%;--awb-margin-top-large:0px;--awb-spacing-right-large:3.84%;--awb-margin-bottom-large:0px;--awb-spacing-left-large:3.84%;--awb-width-medium:100%;--awb-spacing-right-medium:1.92%;--awb-spacing-left-medium:1.92%;--awb-width-small:100%;--awb-spacing-right-small:1.92%;--awb-spacing-left-small:1.92%;\"><div class=\"fusion-column-wrapper fusion-flex-justify-content-flex-start fusion-content-layout-column\"><div class=\"fusion-image-element \" style=\"text-align:center;--awb-caption-title-font-family:var(--h2_typography-font-family);--awb-caption-title-font-weight:var(--h2_typography-font-weight);--awb-caption-title-font-style:var(--h2_typography-font-style);--awb-caption-title-size:var(--h2_typography-font-size);--awb-caption-title-transform:var(--h2_typography-text-transform);--awb-caption-title-line-height:var(--h2_typography-line-height);--awb-caption-title-letter-spacing:var(--h2_typography-letter-spacing);\"><span class=\" fusion-imageframe imageframe-none imageframe-2 hover-type-none\"><img decoding=\"async\" width=\"300\" height=\"225\" alt=\"Robot industriel Mobile MIR200\" title=\"Robot industriel Mobile MIR200\" src=\"https:\/\/www.cim-atlantique.com\/wp-content\/uploads\/2022\/04\/mir200_robot_mobile_collaboratif.png\" data-orig-src=\"https:\/\/www.cim-atlantique.com\/wp-content\/uploads\/2022\/04\/mir200_robot_mobile_collaboratif-300x225.png\" class=\"lazyload img-responsive wp-image-1352\" srcset=\"data:image\/svg+xml,%3Csvg%20xmlns%3D%27http%3A%2F%2Fwww.w3.org%2F2000%2Fsvg%27%20width%3D%27560%27%20height%3D%27420%27%20viewBox%3D%270%200%20560%20420%27%3E%3Crect%20width%3D%27560%27%20height%3D%27420%27%20fill-opacity%3D%220%22%2F%3E%3C%2Fsvg%3E\" data-srcset=\"https:\/\/www.cim-atlantique.com\/wp-content\/uploads\/2022\/04\/mir200_robot_mobile_collaboratif-200x150.png 200w, https:\/\/www.cim-atlantique.com\/wp-content\/uploads\/2022\/04\/mir200_robot_mobile_collaboratif-400x300.png 400w, https:\/\/www.cim-atlantique.com\/wp-content\/uploads\/2022\/04\/mir200_robot_mobile_collaboratif.png 560w\" data-sizes=\"auto\" data-orig-sizes=\"(max-width: 1150px) 100vw, (max-width: 640px) 100vw, 300px\" \/><\/span><\/div><div class=\"fusion-text fusion-text-3\"><p><strong style=\"color: var(--h2_typography-color); font-family: var(--h2_typography-font-family); font-size: var(--h2_typography-font-size); font-style: var(--h2_typography-font-style,normal); letter-spacing: var(--h2_typography-letter-spacing); text-transform: var(--h2_typography-text-transform); background-color: rgba(255, 255, 255, 0);\">Le Robot Mobile MIR200<\/strong><\/p>\n<p>Le <strong>robot mobile<\/strong> <strong>MIR200<\/strong> peut \u00eatre utilis\u00e9 dans presque toutes les situations. Avec cette solution, les salari\u00e9s n&rsquo;auront plus \u00e0 pousser des chariots par exemple ou \u00e0 effectuer des livraisons. Vous pouvez maintenant automatiser ces t\u00e2ches et permettre \u00e0 vos salari\u00e9s de se consacrer \u00e0 des activit\u00e9s plus importantes. Le MIR200 peut transporter de mani\u00e8re autonome des charges jusqu&rsquo;\u00e0 200 kg (440 lb).<\/p>\n<p>Le <strong>robot mobile<\/strong> <strong>MIR200<\/strong> effectue des d\u00e9placements autonomes gr\u00e2ce \u00e0 la cartographie r\u00e9alis\u00e9e par le biais de ses <strong>scrutateurs lasers<\/strong>. Le <strong>MIR200<\/strong> est tr\u00e8s facile d&rsquo;utilisation et sa programmation l&rsquo;est aussi.<\/p>\n<\/div><\/div><\/div><\/div><\/div><div class=\"fusion-fullwidth fullwidth-box fusion-builder-row-3 fusion-flex-container nonhundred-percent-fullwidth non-hundred-percent-height-scrolling\" style=\"--awb-border-radius-top-left:0px;--awb-border-radius-top-right:0px;--awb-border-radius-bottom-right:0px;--awb-border-radius-bottom-left:0px;--awb-margin-top:0px;--awb-margin-bottom:50px;--awb-flex-wrap:wrap;\" ><div class=\"fusion-builder-row fusion-row fusion-flex-align-items-flex-start fusion-flex-content-wrap\" style=\"max-width:1185.6px;margin-left: calc(-4% \/ 2 );margin-right: calc(-4% \/ 2 );\"><div class=\"fusion-layout-column fusion_builder_column fusion-builder-column-3 fusion_builder_column_1_2 1_2 fusion-flex-column\" style=\"--awb-bg-blend:overlay;--awb-bg-size:cover;--awb-width-large:50%;--awb-margin-top-large:0px;--awb-spacing-right-large:3.84%;--awb-margin-bottom-large:0px;--awb-spacing-left-large:3.84%;--awb-width-medium:100%;--awb-spacing-right-medium:1.92%;--awb-spacing-left-medium:1.92%;--awb-width-small:100%;--awb-spacing-right-small:1.92%;--awb-spacing-left-small:1.92%;\"><div class=\"fusion-column-wrapper fusion-flex-justify-content-flex-start fusion-content-layout-column\"><div class=\"fusion-image-element \" style=\"text-align:center;--awb-caption-title-font-family:var(--h2_typography-font-family);--awb-caption-title-font-weight:var(--h2_typography-font-weight);--awb-caption-title-font-style:var(--h2_typography-font-style);--awb-caption-title-size:var(--h2_typography-font-size);--awb-caption-title-transform:var(--h2_typography-text-transform);--awb-caption-title-line-height:var(--h2_typography-line-height);--awb-caption-title-letter-spacing:var(--h2_typography-letter-spacing);\"><span class=\" fusion-imageframe imageframe-none imageframe-3 hover-type-none\"><img decoding=\"async\" width=\"300\" height=\"225\" alt=\"Robot industriel Mobile MIR500\" title=\"Robot industriel Mobile MIR500\" src=\"https:\/\/www.cim-atlantique.com\/wp-content\/uploads\/2022\/04\/mir500_robot_mobile_collaboratif.png\" data-orig-src=\"https:\/\/www.cim-atlantique.com\/wp-content\/uploads\/2022\/04\/mir500_robot_mobile_collaboratif-300x225.png\" class=\"lazyload img-responsive wp-image-1353\" srcset=\"data:image\/svg+xml,%3Csvg%20xmlns%3D%27http%3A%2F%2Fwww.w3.org%2F2000%2Fsvg%27%20width%3D%27560%27%20height%3D%27420%27%20viewBox%3D%270%200%20560%20420%27%3E%3Crect%20width%3D%27560%27%20height%3D%27420%27%20fill-opacity%3D%220%22%2F%3E%3C%2Fsvg%3E\" data-srcset=\"https:\/\/www.cim-atlantique.com\/wp-content\/uploads\/2022\/04\/mir500_robot_mobile_collaboratif-200x150.png 200w, https:\/\/www.cim-atlantique.com\/wp-content\/uploads\/2022\/04\/mir500_robot_mobile_collaboratif-400x300.png 400w, https:\/\/www.cim-atlantique.com\/wp-content\/uploads\/2022\/04\/mir500_robot_mobile_collaboratif.png 560w\" data-sizes=\"auto\" data-orig-sizes=\"(max-width: 1150px) 100vw, (max-width: 640px) 100vw, 300px\" \/><\/span><\/div><div class=\"fusion-text fusion-text-4\"><p><strong style=\"color: var(--h2_typography-color); font-family: var(--h2_typography-font-family); font-size: var(--h2_typography-font-size); font-style: var(--h2_typography-font-style,normal); letter-spacing: var(--h2_typography-letter-spacing); text-transform: var(--h2_typography-text-transform); background-color: rgba(255, 255, 255, 0);\">Le Robot Mobile MIR500<\/strong><\/p>\n<p>Le <strong>MIR500<\/strong> collaboratif man\u0153uvre en toute s\u00e9curit\u00e9 autour des personnes et des obstacles physiques. Gr\u00e2ce \u00e0 sa technologie de pointe et \u00e0 son logiciel sophistiqu\u00e9, le <strong>robot mobile<\/strong> navigue de mani\u00e8re autonome pour trouver le chemin le plus efficace vers sa destination. Lorsqu&rsquo;il rencontre des obstacles, il se r\u00e9oriente automatiquement pour \u00e9viter des retards co\u00fbteux dans les processus logistiques.<\/p>\n<p>MIR500 est \u00e9quip\u00e9 de la derni\u00e8re technologie de balayage laser qui offre un visuel \u00e0 360 degr\u00e9s pour une s\u00e9curit\u00e9 optimale. Les cam\u00e9ras 3D ont une port\u00e9e de 30 \u00e0 2 000 mm au-dessus du niveau du sol pour d\u00e9tecter les palettes.<\/p>\n<\/div><\/div><\/div><div class=\"fusion-layout-column fusion_builder_column fusion-builder-column-4 fusion_builder_column_1_2 1_2 fusion-flex-column\" style=\"--awb-bg-blend:overlay;--awb-bg-size:cover;--awb-width-large:50%;--awb-margin-top-large:0px;--awb-spacing-right-large:3.84%;--awb-margin-bottom-large:0px;--awb-spacing-left-large:3.84%;--awb-width-medium:100%;--awb-spacing-right-medium:1.92%;--awb-spacing-left-medium:1.92%;--awb-width-small:100%;--awb-spacing-right-small:1.92%;--awb-spacing-left-small:1.92%;\"><div class=\"fusion-column-wrapper fusion-flex-justify-content-flex-start fusion-content-layout-column\"><div class=\"fusion-image-element \" style=\"text-align:center;--awb-caption-title-font-family:var(--h2_typography-font-family);--awb-caption-title-font-weight:var(--h2_typography-font-weight);--awb-caption-title-font-style:var(--h2_typography-font-style);--awb-caption-title-size:var(--h2_typography-font-size);--awb-caption-title-transform:var(--h2_typography-text-transform);--awb-caption-title-line-height:var(--h2_typography-line-height);--awb-caption-title-letter-spacing:var(--h2_typography-letter-spacing);\"><span class=\" fusion-imageframe imageframe-none imageframe-4 hover-type-none\"><img decoding=\"async\" width=\"300\" height=\"225\" alt=\"Robot industriel Mobile MIR1000\" title=\"Robot industriel Mobile MIR1000\" src=\"https:\/\/www.cim-atlantique.com\/wp-content\/uploads\/2022\/04\/mir51000_robot_mobile_collaboratif.png\" data-orig-src=\"https:\/\/www.cim-atlantique.com\/wp-content\/uploads\/2022\/04\/mir51000_robot_mobile_collaboratif-300x225.png\" class=\"lazyload img-responsive wp-image-1354\" srcset=\"data:image\/svg+xml,%3Csvg%20xmlns%3D%27http%3A%2F%2Fwww.w3.org%2F2000%2Fsvg%27%20width%3D%27560%27%20height%3D%27420%27%20viewBox%3D%270%200%20560%20420%27%3E%3Crect%20width%3D%27560%27%20height%3D%27420%27%20fill-opacity%3D%220%22%2F%3E%3C%2Fsvg%3E\" data-srcset=\"https:\/\/www.cim-atlantique.com\/wp-content\/uploads\/2022\/04\/mir51000_robot_mobile_collaboratif-200x150.png 200w, https:\/\/www.cim-atlantique.com\/wp-content\/uploads\/2022\/04\/mir51000_robot_mobile_collaboratif-400x300.png 400w, https:\/\/www.cim-atlantique.com\/wp-content\/uploads\/2022\/04\/mir51000_robot_mobile_collaboratif.png 560w\" data-sizes=\"auto\" data-orig-sizes=\"(max-width: 1150px) 100vw, (max-width: 640px) 100vw, 300px\" \/><\/span><\/div><div class=\"fusion-text fusion-text-5\"><p><strong style=\"color: var(--h2_typography-color); font-family: var(--h2_typography-font-family); font-size: var(--h2_typography-font-size); font-style: var(--h2_typography-font-style,normal); letter-spacing: var(--h2_typography-letter-spacing); text-transform: var(--h2_typography-text-transform); background-color: rgba(255, 255, 255, 0);\">Le Robot Mobile MIR1000<\/strong><\/p>\n<p>Le <strong>MIR1000<\/strong> collaboratif et autonome man\u0153uvre en toute s\u00e9curit\u00e9 autour de toute sorte d&rsquo;obstacles. M\u00eame si une personne marche directement devant lui, il s&rsquo;arr\u00eatera. Gr\u00e2ce \u00e0 une technologie de pointe et \u00e0 un logiciel performant, le <strong>robot mobile<\/strong> peut naviguer de mani\u00e8re autonome et choisir l&rsquo;itin\u00e9raire le plus efficace vers sa destination. Lorsqu&rsquo;il rencontre des obstacles, le <strong>robot mobile<\/strong> se redirige automatiquement afin d&rsquo;\u00e9viter d&rsquo;arr\u00eater ou de retarder la livraison des mat\u00e9riaux.<\/p>\n<p><strong>MIR1000<\/strong> est \u00e9quip\u00e9 de la toute derni\u00e8re technologie de scanner laser et offre une s\u00e9curit\u00e9 optimale avec une vision \u00e0 360 degr\u00e9s autour de lui. Deux cam\u00e9ras 3D plac\u00e9es \u00e0 l&rsquo;avant permettent au robot de voir de 30 \u00e0 2,000 mm au-dessus du sol. Deux capteurs dans chaque coin renforcent la capacit\u00e9 du <strong>robot mobile<\/strong> \u00e0 voir les palettes et autres obstacles qui sont \u00e9ventuellement tr\u00e8s bas. Ces derniers peuvent en effet \u00e9chapper au champ d\u2019un robot moins performant.<\/p>\n<\/div><\/div><\/div><\/div><\/div><div class=\"fusion-fullwidth fullwidth-box fusion-builder-row-4 fusion-flex-container faded-background fusion-parallax-none nonhundred-percent-fullwidth non-hundred-percent-height-scrolling lazyload\" style=\"--awb-border-radius-top-left:0px;--awb-border-radius-top-right:0px;--awb-border-radius-bottom-right:0px;--awb-border-radius-bottom-left:0px;--awb-padding-top:66px;--awb-padding-bottom:46px;--awb-margin-top:32px;--awb-background-size:cover;--awb-flex-wrap:wrap;\" data-bg=\"https:\/\/www.cim-atlantique.com\/wp-content\/uploads\/2024\/10\/Contactez-nous.svg\" ><div class=\"fullwidth-faded lazyload\" style=\"--awb-background-color:var(--awb-custom_color_1);--awb-background-size:cover;\" data-bg=\"https:\/\/www.cim-atlantique.com\/wp-content\/uploads\/2024\/10\/Contactez-nous.svg\" ><\/div><div class=\"fusion-builder-row fusion-row fusion-flex-align-items-stretch fusion-flex-content-wrap\" style=\"max-width:1185.6px;margin-left: calc(-4% \/ 2 );margin-right: calc(-4% \/ 2 );\"><div class=\"fusion-layout-column fusion_builder_column fusion-builder-column-5 fusion_builder_column_1_1 1_1 fusion-flex-column\" style=\"--awb-padding-right:60px;--awb-padding-right-small:0px;--awb-bg-size:cover;--awb-transition:filter 75ms ease, transform 75ms ease, background-color 75ms ease, border-color 75ms ease;--awb-width-large:100%;--awb-margin-top-large:0px;--awb-spacing-right-large:1.92%;--awb-margin-bottom-large:0px;--awb-spacing-left-large:1.92%;--awb-width-medium:100%;--awb-spacing-right-medium:1.92%;--awb-spacing-left-medium:1.92%;--awb-width-small:100%;--awb-spacing-right-small:1.92%;--awb-spacing-left-small:1.92%;\"><div class=\"fusion-column-wrapper fusion-column-has-shadow fusion-flex-justify-content-center fusion-content-layout-column\"><div class=\"fusion-title title fusion-title-1 fusion-sep-none fusion-title-center fusion-title-text fusion-title-size-three\" style=\"--awb-text-color:var(--awb-color1);\"><h3 class=\"fusion-title-heading title-heading-center fusion-responsive-typography-calculated\" style=\"margin:0;--fontSize:33.1;line-height:var(--awb-custom_typography_3-line-height);\">Int\u00e9grer la vision avec CIM Atlantique, votre expert<\/h3><\/div><div class=\"fusion-text fusion-text-6\" style=\"--awb-content-alignment:center;--awb-text-color:#ffffff;\"><p style=\"text-align: justify;\">En tant que fabricant de solutions industrielles, nous mettons l\u2019accent sur la personnalisation et l\u2019innovation. Nos syst\u00e8mes automatis\u00e9s industriels sont con\u00e7us pour s\u2019int\u00e9grer parfaitement \u00e0 vos infrastructures et r\u00e9pondre aux sp\u00e9cificit\u00e9s de votre secteur, qu\u2019il s\u2019agisse de machines sp\u00e9ciales pour l\u2019emballage, de solutions pour l\u2019agro-industrie, ou encore de machines sp\u00e9ciales d\u2019usinage.<\/p>\n<p>CIM Atlantique vous accompagne dans vos d\u00e9marches de robotisations, visions, machines sp\u00e9ciales et cobotiques. Besoin de conseils, d\u2019informations sur le montage et la maintenance <span style=\"color: var(--awb-text-color); font-family: var(--awb-text-font-family); font-size: var(--awb-font-size); font-style: var(--awb-text-font-style); font-weight: var(--awb-text-font-weight); letter-spacing: var(--awb-letter-spacing); text-align: var(--awb-content-alignment); text-transform: var(--awb-text-transform); background-color: var(--awb-bg-color-hover);\">de vos installations robotis\u00e9es\u2026<\/span><\/p>\n<\/div><div class=\"fusion-separator fusion-full-width-sep\" style=\"align-self: center;margin-left: auto;margin-right: auto;margin-top:20px;width:100%;\"><\/div><div class=\"fusion-separator fusion-full-width-sep\" style=\"align-self: center;margin-left: auto;margin-right: auto;width:100%;\"><\/div><div class=\"fusion-separator fusion-full-width-sep\" style=\"align-self: center;margin-left: auto;margin-right: auto;width:100%;\"><\/div><div class=\"fusion-separator fusion-full-width-sep\" style=\"align-self: center;margin-left: auto;margin-right: auto;width:100%;\"><\/div><div style=\"text-align:center;\"><a class=\"fusion-button button-flat fusion-button-default-size button-custom fusion-button-default button-1 fusion-button-default-span fusion-button-default-type\" style=\"--button_accent_color:var(--awb-color4);--button_border_color:var(--awb-custom_color_1);--button_accent_hover_color:var(--awb-color4);--button_border_hover_color:var(--awb-color4);--button_gradient_top_color:var(--awb-color1);--button_gradient_bottom_color:var(--awb-color1);--button_gradient_top_color_hover:hsla(calc( var(--awb-color4-h) + 8 ),var(--awb-color4-s),var(--awb-color4-l),var(--awb-color4-a));--button_gradient_bottom_color_hover:hsla(calc( var(--awb-color4-h) + 8 ),var(--awb-color4-s),var(--awb-color4-l),var(--awb-color4-a));\" target=\"_self\" href=\"https:\/\/www.cim-atlantique.com\/devis\/\"><span class=\"fusion-button-text awb-button__text awb-button__text--default\">Demander une \u00e9tude de faisabilit\u00e9<\/span><\/a><\/div><div class=\"fusion-separator fusion-full-width-sep\" style=\"align-self: center;margin-left: auto;margin-right: auto;width:100%;\"><\/div><\/div><\/div><\/div><\/div>\n<div class=\"fusion-fullwidth fullwidth-box fusion-builder-row-5 fusion-flex-container nonhundred-percent-fullwidth non-hundred-percent-height-scrolling\" style=\"--awb-border-radius-top-left:0px;--awb-border-radius-top-right:0px;--awb-border-radius-bottom-right:0px;--awb-border-radius-bottom-left:0px;--awb-margin-top:50px;--awb-flex-wrap:wrap;\" ><div class=\"fusion-builder-row fusion-row fusion-flex-align-items-flex-start fusion-flex-content-wrap\" style=\"max-width:1185.6px;margin-left: calc(-4% \/ 2 );margin-right: calc(-4% \/ 2 );\"><div class=\"fusion-layout-column fusion_builder_column fusion-builder-column-6 fusion_builder_column_1_1 1_1 fusion-flex-column\" style=\"--awb-bg-blend:overlay;--awb-bg-size:cover;--awb-width-large:100%;--awb-margin-top-large:0px;--awb-spacing-right-large:1.92%;--awb-margin-bottom-large:0px;--awb-spacing-left-large:1.92%;--awb-width-medium:100%;--awb-spacing-right-medium:1.92%;--awb-spacing-left-medium:1.92%;--awb-width-small:100%;--awb-spacing-right-small:1.92%;--awb-spacing-left-small:1.92%;\"><div class=\"fusion-column-wrapper fusion-flex-justify-content-flex-start fusion-content-layout-column\"><div class=\"fusion-text fusion-text-7\"><p><strong style=\"color: var(--h2_typography-color); font-family: var(--h2_typography-font-family); font-size: var(--h2_typography-font-size); font-style: var(--h2_typography-font-style,normal); letter-spacing: var(--h2_typography-letter-spacing); text-transform: var(--h2_typography-text-transform); background-color: rgba(255, 255, 255, 0);\">La flexibilit\u00e9 du Robot mobile industriel MIR<\/strong><\/p>\n<p>Les <strong>machines MIR<\/strong> vous donnent le contr\u00f4le total et la propri\u00e9t\u00e9 du <strong>robot mobile<\/strong> d\u00e8s le d\u00e9but. Ils sont <strong>command\u00e9s par l&rsquo;interface intuitive du robot MIR<\/strong> via un smartphone, une tablette ou un ordinateur et peuvent \u00eatre programm\u00e9s en fonction des exp\u00e9riences pr\u00e9c\u00e9dentes. Le robot peut \u00eatre int\u00e9gr\u00e9 \u00e0 votre syst\u00e8me ERP, ce qui vous donne la possibilit\u00e9 de cr\u00e9er des solutions enti\u00e8rement automatis\u00e9es. De plus, il est possible de l&rsquo;inclure dans la flotte MIR aux c\u00f4t\u00e9s du reste des <strong>robots MIR<\/strong> afin qu&rsquo;ils puissent \u00eatre exploit\u00e9s dans la m\u00eame flotte.<\/p>\n<p>Selon vos besoins, vous pouvez changer rapidement et facilement leurs modules sup\u00e9rieurs. Ces derniers peuvent par exemple \u00eatre \u00e9quip\u00e9s de fourches \u00e0 palettes, de convoyeurs, d&rsquo;un bras robotis\u00e9 ou d&rsquo;autres applications afin de s\u2019adapter \u00e0 vos besoins du moment et de vous faciliter de nombreuses t\u00e2ches.<\/p>\n<\/div><\/div><\/div><\/div><\/div><\/p>\n","protected":false},"excerpt":{"rendered":"","protected":false},"author":2,"featured_media":1761,"parent":0,"menu_order":0,"comment_status":"closed","ping_status":"closed","template":"100-width.php","meta":{"inline_featured_image":false,"footnotes":""},"class_list":["post-1812","page","type-page","status-publish","has-post-thumbnail","hentry"],"_links":{"self":[{"href":"https:\/\/www.cim-atlantique.com\/fr\/wp-json\/wp\/v2\/pages\/1812","targetHints":{"allow":["GET"]}}],"collection":[{"href":"https:\/\/www.cim-atlantique.com\/fr\/wp-json\/wp\/v2\/pages"}],"about":[{"href":"https:\/\/www.cim-atlantique.com\/fr\/wp-json\/wp\/v2\/types\/page"}],"author":[{"embeddable":true,"href":"https:\/\/www.cim-atlantique.com\/fr\/wp-json\/wp\/v2\/users\/2"}],"replies":[{"embeddable":true,"href":"https:\/\/www.cim-atlantique.com\/fr\/wp-json\/wp\/v2\/comments?post=1812"}],"version-history":[{"count":6,"href":"https:\/\/www.cim-atlantique.com\/fr\/wp-json\/wp\/v2\/pages\/1812\/revisions"}],"predecessor-version":[{"id":2084,"href":"https:\/\/www.cim-atlantique.com\/fr\/wp-json\/wp\/v2\/pages\/1812\/revisions\/2084"}],"wp:featuredmedia":[{"embeddable":true,"href":"https:\/\/www.cim-atlantique.com\/fr\/wp-json\/wp\/v2\/media\/1761"}],"wp:attachment":[{"href":"https:\/\/www.cim-atlantique.com\/fr\/wp-json\/wp\/v2\/media?parent=1812"}],"curies":[{"name":"wp","href":"https:\/\/api.w.org\/{rel}","templated":true}]}}