{"id":1963,"date":"2022-06-29T12:00:00","date_gmt":"2022-06-29T10:00:00","guid":{"rendered":"http:\/\/cim-atlantique.com\/?page_id=1963"},"modified":"2022-06-29T12:00:33","modified_gmt":"2022-06-29T10:00:33","slug":"mentions-legales","status":"publish","type":"page","link":"https:\/\/www.cim-atlantique.com\/fr\/mentions-legales\/","title":{"rendered":"Mentions l\u00e9gales"},"content":{"rendered":"<div class=\"fusion-fullwidth fullwidth-box fusion-builder-row-1 fusion-flex-container nonhundred-percent-fullwidth non-hundred-percent-height-scrolling\" style=\"--awb-border-radius-top-left:0px;--awb-border-radius-top-right:0px;--awb-border-radius-bottom-right:0px;--awb-border-radius-bottom-left:0px;--awb-flex-wrap:wrap;\" ><div class=\"fusion-builder-row fusion-row fusion-flex-align-items-flex-start fusion-flex-content-wrap\" style=\"max-width:1185.6px;margin-left: calc(-4% \/ 2 );margin-right: calc(-4% \/ 2 );\"><div class=\"fusion-layout-column fusion_builder_column fusion-builder-column-0 fusion_builder_column_1_1 1_1 fusion-flex-column\" style=\"--awb-bg-size:cover;--awb-width-large:100%;--awb-margin-top-large:0px;--awb-spacing-right-large:1.92%;--awb-margin-bottom-large:20px;--awb-spacing-left-large:1.92%;--awb-width-medium:100%;--awb-order-medium:0;--awb-spacing-right-medium:1.92%;--awb-spacing-left-medium:1.92%;--awb-width-small:100%;--awb-order-small:0;--awb-spacing-right-small:1.92%;--awb-spacing-left-small:1.92%;\"><div class=\"fusion-column-wrapper fusion-column-has-shadow fusion-flex-justify-content-flex-start fusion-content-layout-column\"><div class=\"fusion-text fusion-text-1\"><p>En vertu de l\u2019article 6 de la loi n\u00b0 2004-575 du 21 juin 2004 pour la confiance dans l\u2019\u00e9conomie num\u00e9rique, il est pr\u00e9cis\u00e9 aux utilisateurs du site de la soci\u00e9t\u00e9 Joakim Boulate l\u2019identit\u00e9 des diff\u00e9rents intervenants dans le cadre de sa r\u00e9alisation et de son suivi :<\/p>\n<h2 class=\"fusion-responsive-typography-calculated\" data-fontsize=\"35\" data-lineheight=\"35px\">1. Propri\u00e9taires &amp; Cr\u00e9ateur du site<\/h2>\n<p><b>CIM Atlantique<\/b><\/p>\n<p>7 Rue des Sports<br \/>Parc d\u2019Activit\u00e9s de Bellevue,<br \/>44119, Grandchamps-des-Fontaines<\/p>\n<p>Site web :<\/p>\n<p><strong>E-mail :<\/strong> r.gueudre@cim-atlantique.com<\/p>\n<p><strong>Num\u00e9ro de t\u00e9l\u00e9phone :<\/strong> 02 40 58 72 93<\/p>\n<h3 class=\"fusion-responsive-typography-calculated\" data-fontsize=\"35\" data-lineheight=\"35px\">H\u00e9bergement<\/h3>\n<h3>Cr\u00e9ateur du site internet<\/h3>\n<p><span style=\"background-color: rgba(255, 255, 255, 0); color: var(--body_typography-color); font-family: var(--body_typography-font-family); font-size: var(--body_typography-font-size); font-style: var(--body_typography-font-style,normal); font-weight: var(--body_typography-font-weight); letter-spacing: var(--body_typography-letter-spacing);\">15 rue de l&rsquo;adjudant Alt\u00e8ve Boiss\u00e9e, <\/span><span style=\"background-color: rgba(255, 255, 255, 0); color: var(--body_typography-color); font-family: var(--body_typography-font-family); font-size: var(--body_typography-font-size); font-style: var(--body_typography-font-style,normal); font-weight: var(--body_typography-font-weight); letter-spacing: var(--body_typography-letter-spacing);\">49700 Dou\u00e9-la-Fontaine<\/span><\/p>\n<p><strong>Site web :<\/strong> https:\/\/quentinbernard.fr<\/p>\n<p><strong>E-mail :<\/strong> contact@quentinbernard.fr<\/p>\n<p><strong>Num\u00e9ro de t\u00e9l\u00e9phone :<\/strong> 06 84 59 43 38<\/p>\n<h2 class=\"fusion-responsive-typography-calculated\" data-fontsize=\"35\" data-lineheight=\"35px\">2. Conditions g\u00e9n\u00e9rales d\u2019utilisation du site et des services propos\u00e9s<\/h2>\n<p>L\u2019utilisation du site de la soci\u00e9t\u00e9 CIM Atlantique implique l\u2019acceptation pleine et enti\u00e8re des conditions g\u00e9n\u00e9rales d\u2019utilisation ci-apr\u00e8s d\u00e9crites. Ces conditions d\u2019utilisation sont susceptibles d\u2019\u00eatre modifi\u00e9es ou compl\u00e9t\u00e9es \u00e0 tout moment, les utilisateurs du site de la soci\u00e9t\u00e9 CIM Atlantique sont donc invit\u00e9s \u00e0 les consulter de mani\u00e8re r\u00e9guli\u00e8re.<br \/>Ce site est normalement accessible \u00e0 tout moment aux utilisateurs. Une interruption pour raison de maintenance technique peut \u00eatre toutefois d\u00e9cid\u00e9e par la soci\u00e9t\u00e9 CIM Atlantique, qui s\u2019efforcera alors de communiquer pr\u00e9alablement aux utilisateurs les dates et heures de l\u2019intervention.<br \/>Le site de la soci\u00e9t\u00e9 CIM Atlantique est mis \u00e0 jour r\u00e9guli\u00e8rement par la soci\u00e9t\u00e9 CIM Atlantique.<br \/><strong>De la m\u00eame fa\u00e7on, les mentions l\u00e9gales peuvent \u00eatre modifi\u00e9es \u00e0 tout moment :<\/strong> elles s\u2019imposent n\u00e9anmoins \u00e0 l\u2019utilisateur qui est invit\u00e9 \u00e0 s\u2019y r\u00e9f\u00e9rer le plus souvent possible afin d\u2019en prendre connaissance.<\/p>\n<h2 class=\"fusion-responsive-typography-calculated\" data-fontsize=\"35\" data-lineheight=\"35px\">3. Description des services fournis<\/h2>\n<p>Le site de la soci\u00e9t\u00e9 CIM Atlantique a pour objet de fournir une information concernant l\u2019ensemble des activit\u00e9s de la soci\u00e9t\u00e9.<br \/>la soci\u00e9t\u00e9 CIM Atlantique s\u2019efforce de fournir sur le site de la soci\u00e9t\u00e9 CIM Atlantique des informations aussi pr\u00e9cises que possible. Toutefois, elle ne pourra \u00eatre tenue responsable des omissions, des inexactitudes et des carences dans la mise \u00e0 jour, qu\u2019elles soient de son fait ou du fait des tiers partenaires qui lui fournissent ces informations.<br \/>Tous les informations indiqu\u00e9es sur le site de la soci\u00e9t\u00e9 CIM Atlantique sont donn\u00e9es \u00e0 titre indicatif, et sont susceptibles d\u2019\u00e9voluer. Par ailleurs, les renseignements figurant sur le site de la soci\u00e9t\u00e9 CIM Atlantique ne sont pas exhaustifs. Ils sont donn\u00e9s sous r\u00e9serve de modifications ayant \u00e9t\u00e9 apport\u00e9es depuis leur mise en ligne.<\/p>\n<h2 class=\"fusion-responsive-typography-calculated\" data-fontsize=\"35\" data-lineheight=\"35px\">4. Limitations contractuelles sur les donn\u00e9es techniques<\/h2>\n<p>Le site utilise la technologie JavaScript.<br \/>Le site Internet ne pourra \u00eatre tenu responsable de dommages mat\u00e9riels li\u00e9s \u00e0 l\u2019utilisation du site. De plus, l\u2019utilisateur du site s\u2019engage \u00e0 acc\u00e9der au site en utilisant un mat\u00e9riel r\u00e9cent, ne contenant pas de virus et avec un navigateur de derni\u00e8re g\u00e9n\u00e9ration mis \u00e0 jour.<\/p>\n<h2 class=\"fusion-responsive-typography-calculated\" data-fontsize=\"35\" data-lineheight=\"35px\">5. Propri\u00e9t\u00e9 intellectuelle et contrefa\u00e7ons<\/h2>\n<p>La soci\u00e9t\u00e9 CIM Atlantique est propri\u00e9taire des droits de propri\u00e9t\u00e9 intellectuelle ou d\u00e9tient les droits d\u2019usage sur tous les \u00e9l\u00e9ments accessibles sur le site, notamment les textes, images, graphismes, logos, ic\u00f4nes, sons, logiciels.<br \/>Toute reproduction, repr\u00e9sentation, modification, publication, adaptation de tout ou partie des \u00e9l\u00e9ments du site, quel que soit le moyen ou le proc\u00e9d\u00e9 utilis\u00e9, est interdite, sauf autorisation \u00e9crite pr\u00e9alable de la soci\u00e9t\u00e9 CIM Atlantique.<br \/>Toute exploitation non autoris\u00e9e du site ou d\u2019un quelconque \u00e9l\u00e9ment qu\u2019il contient sera consid\u00e9r\u00e9e comme constitutive d\u2019une contrefa\u00e7on et poursuivie conform\u00e9ment aux dispositions des articles L.335-2 et suivants du Code de Propri\u00e9t\u00e9 Intellectuelle.<\/p>\n<h2 class=\"fusion-responsive-typography-calculated\" data-fontsize=\"35\" data-lineheight=\"35px\">6. Limitations de responsabilit\u00e9<\/h2>\n<p>La soci\u00e9t\u00e9 CIM Atlantique ne pourra \u00eatre tenue responsable des dommages directs et indirects caus\u00e9s au mat\u00e9riel de l\u2019utilisateur, lors de l\u2019acc\u00e8s au site de CIM Atlantique, et r\u00e9sultant soit de l\u2019utilisation d\u2019un mat\u00e9riel ne r\u00e9pondant pas aux sp\u00e9cifications indiqu\u00e9es au point 4, soit de l\u2019apparition d\u2019un bug ou d\u2019une incompatibilit\u00e9.<br \/>La soci\u00e9t\u00e9 CIM Atlantique ne pourra \u00e9galement \u00eatre tenue responsable des dommages indirects <em>(tels que par exemple une perte de march\u00e9 ou perte d\u2019une chance)<\/em> cons\u00e9cutifs \u00e0 l\u2019utilisation du site de la soci\u00e9t\u00e9 CIM Atlantique.<br \/>Des espaces interactifs <em>(possibilit\u00e9 de poser des questions dans l\u2019espace contact)<\/em> sont \u00e0 la disposition des utilisateurs. La soci\u00e9t\u00e9 CIM Atlantique se r\u00e9serve le droit de supprimer, sans mise en demeure pr\u00e9alable, tout contenu d\u00e9pos\u00e9 dans cet espace qui contreviendrait \u00e0 la l\u00e9gislation applicable en France, en particulier aux dispositions relatives \u00e0 la protection des donn\u00e9es. Le cas \u00e9ch\u00e9ant, la soci\u00e9t\u00e9 CIM Atlantique se r\u00e9serve \u00e9galement la possibilit\u00e9 de mettre en cause la responsabilit\u00e9 civile et\/ou p\u00e9nale de l\u2019utilisateur, notamment en cas de message \u00e0 caract\u00e8re raciste, injurieux, diffamant, ou pornographique, quel que soit le support utilis\u00e9 <em>(texte, photographie\u2026)<\/em>.<\/p>\n<h2 class=\"fusion-responsive-typography-calculated\" data-fontsize=\"35\" data-lineheight=\"35px\">7. Droit applicable et comp\u00e9tence judiciaire<\/h2>\n<p class=\"p1\">L\u2019ensemble des informations diffus\u00e9es sur le Site et l\u2019utilisation qui en est faite sont soumis exclusivement au droit fran\u00e7ais. Seuls les tribunaux relevant du ressort de la Cour d\u2019appel du si\u00e8ge social de la soci\u00e9t\u00e9 CIM Atlantique sont comp\u00e9tents pour conna\u00eetre des \u00e9ventuels litiges li\u00e9s \u00e0 l\u2019utilisation du Site.<\/p>\n<h2 class=\"fusion-responsive-typography-calculated\" data-fontsize=\"35\" data-lineheight=\"35px\">8. Les principales lois concern\u00e9es<\/h2>\n<p>Loi n\u00b0 78-87 du 6 janvier 1978, notamment modifi\u00e9e par la loi n\u00b0 2004-801 du 6 ao\u00fbt 2004 relative \u00e0 l\u2019informatique, aux fichiers et aux libert\u00e9s.<br \/>Loi n\u00b0 2004-575 du 21 juin 2004 pour la confiance dans l\u2019\u00e9conomie num\u00e9rique.<\/p>\n<h2 class=\"fusion-responsive-typography-calculated\" data-fontsize=\"35\" data-lineheight=\"35px\">9. Lexique<\/h2>\n<p><strong>Utilisateur :<\/strong> Internaute se connectant, utilisant le site susnomm\u00e9.<br \/><strong>Informations personnelles :<\/strong> \u00ab les informations qui permettent, sous quelque forme que ce soit, directement ou non, l\u2019identification des personnes physiques auxquelles elles s\u2019appliquent \u00bb <em>(article 4 de la loi n\u00b0 78-17 du 6 janvier 1978)<\/em>.<\/p>\n<\/div><\/div><\/div><\/div><\/div>\n","protected":false},"excerpt":{"rendered":"","protected":false},"author":1,"featured_media":0,"parent":0,"menu_order":0,"comment_status":"closed","ping_status":"closed","template":"","meta":{"inline_featured_image":false,"footnotes":""},"class_list":["post-1963","page","type-page","status-publish","hentry"],"_links":{"self":[{"href":"https:\/\/www.cim-atlantique.com\/fr\/wp-json\/wp\/v2\/pages\/1963","targetHints":{"allow":["GET"]}}],"collection":[{"href":"https:\/\/www.cim-atlantique.com\/fr\/wp-json\/wp\/v2\/pages"}],"about":[{"href":"https:\/\/www.cim-atlantique.com\/fr\/wp-json\/wp\/v2\/types\/page"}],"author":[{"embeddable":true,"href":"https:\/\/www.cim-atlantique.com\/fr\/wp-json\/wp\/v2\/users\/1"}],"replies":[{"embeddable":true,"href":"https:\/\/www.cim-atlantique.com\/fr\/wp-json\/wp\/v2\/comments?post=1963"}],"version-history":[{"count":1,"href":"https:\/\/www.cim-atlantique.com\/fr\/wp-json\/wp\/v2\/pages\/1963\/revisions"}],"predecessor-version":[{"id":1964,"href":"https:\/\/www.cim-atlantique.com\/fr\/wp-json\/wp\/v2\/pages\/1963\/revisions\/1964"}],"wp:attachment":[{"href":"https:\/\/www.cim-atlantique.com\/fr\/wp-json\/wp\/v2\/media?parent=1963"}],"curies":[{"name":"wp","href":"https:\/\/api.w.org\/{rel}","templated":true}]}}