{"id":3978,"date":"2024-10-23T16:17:17","date_gmt":"2024-10-23T14:17:17","guid":{"rendered":"https:\/\/cim-atlantique.com\/?page_id=3978"},"modified":"2024-10-23T16:17:17","modified_gmt":"2024-10-23T14:17:17","slug":"machine-dinspection-et-de-detection-dincises-sur-fond-de-flacons","status":"publish","type":"page","link":"https:\/\/www.cim-atlantique.com\/fr\/machine-dinspection-et-de-detection-dincises-sur-fond-de-flacons\/","title":{"rendered":"Machine d\u2019inspection et de d\u00e9tection d\u2019incis\u00e9s sur fond de flacons"},"content":{"rendered":"<div class=\"fusion-fullwidth fullwidth-box fusion-builder-row-1 fusion-flex-container has-pattern-background has-mask-background nonhundred-percent-fullwidth non-hundred-percent-height-scrolling\" style=\"--awb-border-radius-top-left:0px;--awb-border-radius-top-right:0px;--awb-border-radius-bottom-right:0px;--awb-border-radius-bottom-left:0px;--awb-flex-wrap:wrap;\" ><div class=\"fusion-builder-row fusion-row fusion-flex-align-items-flex-start fusion-flex-content-wrap\" style=\"max-width:1185.6px;margin-left: calc(-4% \/ 2 );margin-right: calc(-4% \/ 2 );\"><div class=\"fusion-layout-column fusion_builder_column fusion-builder-column-0 fusion_builder_column_1_1 1_1 fusion-flex-column\" style=\"--awb-bg-size:cover;--awb-width-large:100%;--awb-margin-top-large:0px;--awb-spacing-right-large:1.92%;--awb-margin-bottom-large:20px;--awb-spacing-left-large:1.92%;--awb-width-medium:100%;--awb-order-medium:0;--awb-spacing-right-medium:1.92%;--awb-spacing-left-medium:1.92%;--awb-width-small:100%;--awb-order-small:0;--awb-spacing-right-small:1.92%;--awb-spacing-left-small:1.92%;\"><div class=\"fusion-column-wrapper fusion-column-has-shadow fusion-flex-justify-content-flex-start fusion-content-layout-column\"><div class=\"fusion-text fusion-text-1\"><p style=\"text-align: center;\"><b style=\"font-size: 31px; color: var(--awb-custom_color_2);\" data-fusion-font=\"true\"><span style=\"color: var(--awb-text-color); font-family: var(--awb-text-font-family); font-size: var(--awb-font-size); font-style: var(--awb-text-font-style); font-weight: var(--awb-text-font-weight); letter-spacing: var(--awb-letter-spacing); text-align: var(--awb-content-alignment); text-transform: var(--awb-text-transform); background-color: var(--awb-bg-color-hover);\">Vision industrielle en deep learning pour le verre et autres emballages<\/span><\/b><\/p>\n<\/div><div class=\"fusion-separator\" style=\"align-self: center;margin-left: auto;margin-right: auto;margin-top:15px;margin-bottom:35px;width:100%;max-width:150px;\"><div class=\"fusion-separator-border sep-single sep-solid\" style=\"--awb-height:20px;--awb-amount:20px;--awb-sep-color:var(--awb-custom_color_3);border-color:var(--awb-custom_color_3);border-top-width:6px;\"><\/div><\/div><div class=\"fusion-text fusion-text-2\"><p style=\"text-align: justify;\">Notre machine d\u2019inspection<b> vision industrielle<\/b> permet la d\u00e9tection et le tri d\u2019incis\u00e9s, de bouillons et de calcin\u00e9s sur des fonds de flacons de parfums en verre ou carafes de spiritueux.<\/p>\n<p style=\"text-align: justify;\">Fonctionnant gr\u00e2ce \u00e0 notre logiciel Deep capture d\u00e9velopp\u00e9 en <b>deep learning<\/b>, le moyen permet de d\u00e9tecter des d\u00e9fauts qu\u2019aucun syst\u00e8me de <b>vision industrielle<\/b> conventionnel n\u2019\u00e9tait jusqu\u2019alors capable de voir.<\/p>\n<p style=\"text-align: justify;\">Notre machine, fonctionnant avec 8 cam\u00e9ras en flux vid\u00e9o \u00e0 25FPS chacune est capable de travailler \u00e0 des cadences de plus de 120 flacons \/heure. La transitique des flacons est assur\u00e9 par un syst\u00e8me de convoyeur \u00e0 coincement r\u00e9glable. L\u2019\u00e9jection des flacons est g\u00e9r\u00e9e par soufflage sur une rampe interm\u00e9diaire<\/p>\n<p style=\"text-align: justify;\">Nos \u00e9quipes de d\u00e9veloppeurs, sp\u00e9cialis\u00e9s en <b>deep learning<\/b> s\u2019occupent des diff\u00e9rentes phases de d\u00e9veloppement, de la labellisation des photos, au param\u00e9trage du r\u00e9seau de neurones jusqu\u2019\u00e0 l\u2019int\u00e9gration sur site du syst\u00e8me ou de la machine.<\/p>\n<\/div><div class=\"fusion-video fusion-youtube\" style=\"--awb-max-width:1000px;--awb-max-height:563px;--awb-align-self:center;--awb-width:100%;\"><div class=\"video-shortcode\"><lite-youtube videoid=\"nQ6MCnOeAVE\" class=\"landscape\" params=\"wmode=transparent&autoplay=1&amp;enablejsapi=1\" title=\"YouTube video player 1\" data-button-label=\"Play Video\" width=\"1000\" height=\"563\" data-thumbnail-size=\"auto\" data-no-cookie=\"on\"><\/lite-youtube><\/div><\/div><\/div><\/div><\/div><\/div>\n","protected":false},"excerpt":{"rendered":"","protected":false},"author":2,"featured_media":0,"parent":0,"menu_order":0,"comment_status":"closed","ping_status":"closed","template":"","meta":{"inline_featured_image":false,"footnotes":""},"class_list":["post-3978","page","type-page","status-publish","hentry"],"_links":{"self":[{"href":"https:\/\/www.cim-atlantique.com\/fr\/wp-json\/wp\/v2\/pages\/3978","targetHints":{"allow":["GET"]}}],"collection":[{"href":"https:\/\/www.cim-atlantique.com\/fr\/wp-json\/wp\/v2\/pages"}],"about":[{"href":"https:\/\/www.cim-atlantique.com\/fr\/wp-json\/wp\/v2\/types\/page"}],"author":[{"embeddable":true,"href":"https:\/\/www.cim-atlantique.com\/fr\/wp-json\/wp\/v2\/users\/2"}],"replies":[{"embeddable":true,"href":"https:\/\/www.cim-atlantique.com\/fr\/wp-json\/wp\/v2\/comments?post=3978"}],"version-history":[{"count":3,"href":"https:\/\/www.cim-atlantique.com\/fr\/wp-json\/wp\/v2\/pages\/3978\/revisions"}],"predecessor-version":[{"id":3981,"href":"https:\/\/www.cim-atlantique.com\/fr\/wp-json\/wp\/v2\/pages\/3978\/revisions\/3981"}],"wp:attachment":[{"href":"https:\/\/www.cim-atlantique.com\/fr\/wp-json\/wp\/v2\/media?parent=3978"}],"curies":[{"name":"wp","href":"https:\/\/api.w.org\/{rel}","templated":true}]}}