{"id":3983,"date":"2024-10-23T16:20:21","date_gmt":"2024-10-23T14:20:21","guid":{"rendered":"https:\/\/cim-atlantique.com\/?page_id=3983"},"modified":"2026-04-29T16:33:40","modified_gmt":"2026-04-29T14:33:40","slug":"systeme-de-detection-de-positions-de-gobs-verre-en-dynamique","status":"publish","type":"page","link":"https:\/\/www.cim-atlantique.com\/fr\/systeme-de-detection-de-positions-de-gobs-verre-en-dynamique\/","title":{"rendered":"Syst\u00e8me de d\u00e9tection de positions de \u00ab gobs \u00bb verre en dynamique"},"content":{"rendered":"<div class=\"fusion-fullwidth fullwidth-box fusion-builder-row-1 fusion-flex-container has-pattern-background has-mask-background nonhundred-percent-fullwidth non-hundred-percent-height-scrolling\" style=\"--awb-border-radius-top-left:0px;--awb-border-radius-top-right:0px;--awb-border-radius-bottom-right:0px;--awb-border-radius-bottom-left:0px;--awb-flex-wrap:wrap;\" ><div class=\"fusion-builder-row fusion-row fusion-flex-align-items-flex-start fusion-flex-content-wrap\" style=\"max-width:1185.6px;margin-left: calc(-4% \/ 2 );margin-right: calc(-4% \/ 2 );\"><div class=\"fusion-layout-column fusion_builder_column fusion-builder-column-0 fusion_builder_column_1_1 1_1 fusion-flex-column\" style=\"--awb-bg-size:cover;--awb-width-large:100%;--awb-margin-top-large:0px;--awb-spacing-right-large:1.92%;--awb-margin-bottom-large:20px;--awb-spacing-left-large:1.92%;--awb-width-medium:100%;--awb-order-medium:0;--awb-spacing-right-medium:1.92%;--awb-spacing-left-medium:1.92%;--awb-width-small:100%;--awb-order-small:0;--awb-spacing-right-small:1.92%;--awb-spacing-left-small:1.92%;\"><div class=\"fusion-column-wrapper fusion-column-has-shadow fusion-flex-justify-content-flex-start fusion-content-layout-column\"><div class=\"fusion-text fusion-text-1\"><p style=\"text-align: center;\"><b style=\"font-size: 31px; color: var(--awb-custom_color_2);\" data-fusion-font=\"true\"><span style=\"color: var(--awb-text-color); font-family: var(--awb-text-font-family); font-size: var(--awb-font-size); font-style: var(--awb-text-font-style); font-weight: var(--awb-text-font-weight); letter-spacing: var(--awb-letter-spacing); text-align: var(--awb-content-alignment); text-transform: var(--awb-text-transform); background-color: var(--awb-bg-color-hover);\"><a href=\"https:\/\/www.cim-atlantique.com\/fr\/camera-industrielle\/\">Vision industrielle<\/a> en deep learning pour flacons de verre<\/span><\/b><\/p>\n<\/div><div class=\"fusion-separator\" style=\"align-self: center;margin-left: auto;margin-right: auto;margin-top:15px;margin-bottom:35px;width:100%;max-width:150px;\"><div class=\"fusion-separator-border sep-single sep-solid\" style=\"--awb-height:20px;--awb-amount:20px;--awb-sep-color:var(--awb-custom_color_3);border-color:var(--awb-custom_color_3);border-top-width:6px;\"><\/div><\/div><div class=\"fusion-text fusion-text-2\"><p><a href=\"https:\/\/www.cim-atlantique.com\/fr\/deep-capture\/\">Deep capture<\/a>,<b> logiciel de <a href=\"https:\/\/www.cim-atlantique.com\/fr\/vision-industrielle\/\">vision industrielle<\/a> en deep learning <\/b>permet la d\u00e9tection de la position (X,Y) de gobs en verre sur un convoyeur en dynamique.<\/p>\n<p>La difficult\u00e9 de la d\u00e9tection r\u00e9side dans la r\u00e9flexion du produit rendant variable les formes des gobs en fonction de leur avance sur le convoyeur. De plus, la faible opacit\u00e9 du verre sur le convoyeur \u00e0 \u00e9caille m\u00e9tallique ne permet pas de contraster suffisamment le produit sur son support.<\/p>\n<\/div><div class=\"fusion-video fusion-youtube\" style=\"--awb-max-width:1000px;--awb-max-height:563px;--awb-align-self:center;--awb-width:100%;\"><div class=\"video-shortcode\"><lite-youtube videoid=\"7Wohbgxgo28\" class=\"landscape\" params=\"wmode=transparent&autoplay=1&amp;enablejsapi=1\" title=\"YouTube video player 1\" data-button-label=\"Play Video\" width=\"1000\" height=\"563\" data-thumbnail-size=\"auto\" data-no-cookie=\"on\"><\/lite-youtube><\/div><\/div><\/div><\/div><\/div><\/div>\n","protected":false},"excerpt":{"rendered":"","protected":false},"author":2,"featured_media":0,"parent":0,"menu_order":0,"comment_status":"closed","ping_status":"closed","template":"","meta":{"inline_featured_image":false,"footnotes":""},"class_list":["post-3983","page","type-page","status-publish","hentry"],"_links":{"self":[{"href":"https:\/\/www.cim-atlantique.com\/fr\/wp-json\/wp\/v2\/pages\/3983","targetHints":{"allow":["GET"]}}],"collection":[{"href":"https:\/\/www.cim-atlantique.com\/fr\/wp-json\/wp\/v2\/pages"}],"about":[{"href":"https:\/\/www.cim-atlantique.com\/fr\/wp-json\/wp\/v2\/types\/page"}],"author":[{"embeddable":true,"href":"https:\/\/www.cim-atlantique.com\/fr\/wp-json\/wp\/v2\/users\/2"}],"replies":[{"embeddable":true,"href":"https:\/\/www.cim-atlantique.com\/fr\/wp-json\/wp\/v2\/comments?post=3983"}],"version-history":[{"count":5,"href":"https:\/\/www.cim-atlantique.com\/fr\/wp-json\/wp\/v2\/pages\/3983\/revisions"}],"predecessor-version":[{"id":6867,"href":"https:\/\/www.cim-atlantique.com\/fr\/wp-json\/wp\/v2\/pages\/3983\/revisions\/6867"}],"wp:attachment":[{"href":"https:\/\/www.cim-atlantique.com\/fr\/wp-json\/wp\/v2\/media?parent=3983"}],"curies":[{"name":"wp","href":"https:\/\/api.w.org\/{rel}","templated":true}]}}